{"id":1142,"date":"2021-11-04T15:18:59","date_gmt":"2021-11-04T15:18:59","guid":{"rendered":"https:\/\/jf-carvoeira.pt\/pt\/?page_id=1142"},"modified":"2021-11-05T13:57:58","modified_gmt":"2021-11-05T13:57:58","slug":"magazine-renovar","status":"publish","type":"page","link":"https:\/\/jf-carvoeira.pt\/pt\/magazine-renovar\/","title":{"rendered":"Magazine &#8220;RENOVAR CARVOEIRA&#8221;"},"content":{"rendered":"\t\t<div data-elementor-type=\"wp-page\" data-elementor-id=\"1142\" class=\"elementor elementor-1142\">\n\t\t\t\t\t\t<section class=\"elementor-section elementor-top-section elementor-element elementor-element-27dcfe40 elementor-section-content-middle elementor-section-boxed elementor-section-height-default elementor-section-height-default\" data-id=\"27dcfe40\" data-element_type=\"section\">\n\t\t\t\t\t\t<div class=\"elementor-container elementor-column-gap-no\">\n\t\t\t\t\t<div class=\"elementor-column elementor-col-50 elementor-top-column elementor-element elementor-element-417a18d6\" data-id=\"417a18d6\" data-element_type=\"column\">\n\t\t\t<div class=\"elementor-widget-wrap elementor-element-populated\">\n\t\t\t\t\t\t<div class=\"elementor-element elementor-element-50f70486 elementor-widget elementor-widget-image\" data-id=\"50f70486\" data-element_type=\"widget\" data-widget_type=\"image.default\">\n\t\t\t\t<div class=\"elementor-widget-container\">\n\t\t\t\t\t\t\t\t\t\t\t\t\t\t\t<img fetchpriority=\"high\" decoding=\"async\" width=\"960\" height=\"960\" src=\"https:\/\/jf-carvoeira.pt\/pt\/wp-content\/uploads\/2021\/11\/leitor-renovar.jpg\" class=\"attachment-full size-full wp-image-1145\" alt=\"\" srcset=\"https:\/\/jf-carvoeira.pt\/pt\/wp-content\/uploads\/2021\/11\/leitor-renovar.jpg 960w, https:\/\/jf-carvoeira.pt\/pt\/wp-content\/uploads\/2021\/11\/leitor-renovar-300x300.jpg 300w, https:\/\/jf-carvoeira.pt\/pt\/wp-content\/uploads\/2021\/11\/leitor-renovar-150x150.jpg 150w, https:\/\/jf-carvoeira.pt\/pt\/wp-content\/uploads\/2021\/11\/leitor-renovar-768x768.jpg 768w\" sizes=\"(max-width: 960px) 100vw, 960px\" \/>\t\t\t\t\t\t\t\t\t\t\t\t\t\t\t<\/div>\n\t\t\t\t<\/div>\n\t\t\t\t\t<\/div>\n\t\t<\/div>\n\t\t\t\t<div class=\"elementor-column elementor-col-50 elementor-top-column elementor-element elementor-element-11fe5579\" data-id=\"11fe5579\" data-element_type=\"column\">\n\t\t\t<div class=\"elementor-widget-wrap elementor-element-populated\">\n\t\t\t\t\t\t<div class=\"elementor-element elementor-element-75efdccd elementor-widget elementor-widget-text-editor\" data-id=\"75efdccd\" data-element_type=\"widget\" data-widget_type=\"text-editor.default\">\n\t\t\t\t<div class=\"elementor-widget-container\">\n\t\t\t\t\t\t\t\t\t<p>NOT\u00cdCIAS DA NOSSA FREGUESIA<\/p>\t\t\t\t\t\t\t\t<\/div>\n\t\t\t\t<\/div>\n\t\t\t\t<div class=\"elementor-element elementor-element-c474963 elementor-widget elementor-widget-heading\" data-id=\"c474963\" data-element_type=\"widget\" data-widget_type=\"heading.default\">\n\t\t\t\t<div class=\"elementor-widget-container\">\n\t\t\t\t\t<h4 class=\"elementor-heading-title elementor-size-default\">MAGAZINE RENOVAR<\/h4>\t\t\t\t<\/div>\n\t\t\t\t<\/div>\n\t\t\t\t<div class=\"elementor-element elementor-element-68fe8a9 elementor-widget elementor-widget-spacer\" data-id=\"68fe8a9\" data-element_type=\"widget\" data-widget_type=\"spacer.default\">\n\t\t\t\t<div class=\"elementor-widget-container\">\n\t\t\t\t\t\t\t<div class=\"elementor-spacer\">\n\t\t\t<div class=\"elementor-spacer-inner\"><\/div>\n\t\t<\/div>\n\t\t\t\t\t\t<\/div>\n\t\t\t\t<\/div>\n\t\t\t\t<section class=\"elementor-section elementor-inner-section elementor-element elementor-element-80a3166 elementor-section-boxed elementor-section-height-default elementor-section-height-default\" data-id=\"80a3166\" data-element_type=\"section\">\n\t\t\t\t\t\t<div class=\"elementor-container elementor-column-gap-default\">\n\t\t\t\t\t<div class=\"elementor-column elementor-col-50 elementor-inner-column elementor-element elementor-element-0fbd7fe\" data-id=\"0fbd7fe\" data-element_type=\"column\">\n\t\t\t<div class=\"elementor-widget-wrap elementor-element-populated\">\n\t\t\t\t\t\t<div class=\"elementor-element elementor-element-db789e7 elementor-widget elementor-widget-image\" data-id=\"db789e7\" data-element_type=\"widget\" data-widget_type=\"image.default\">\n\t\t\t\t<div class=\"elementor-widget-container\">\n\t\t\t\t\t\t\t\t\t\t\t\t\t\t\t<img decoding=\"async\" width=\"212\" height=\"300\" src=\"https:\/\/jf-carvoeira.pt\/pt\/wp-content\/uploads\/2021\/11\/magazine-01-2018-212x300.png\" class=\"attachment-medium size-medium wp-image-1157\" alt=\"\" srcset=\"https:\/\/jf-carvoeira.pt\/pt\/wp-content\/uploads\/2021\/11\/magazine-01-2018-212x300.png 212w, https:\/\/jf-carvoeira.pt\/pt\/wp-content\/uploads\/2021\/11\/magazine-01-2018.png 600w\" sizes=\"(max-width: 212px) 100vw, 212px\" \/>\t\t\t\t\t\t\t\t\t\t\t\t\t\t\t<\/div>\n\t\t\t\t<\/div>\n\t\t\t\t<div class=\"elementor-element elementor-element-a8cdb99 elementor-align-center elementor-widget elementor-widget-button\" data-id=\"a8cdb99\" data-element_type=\"widget\" data-widget_type=\"button.default\">\n\t\t\t\t<div class=\"elementor-widget-container\">\n\t\t\t\t\t\t\t\t\t<div class=\"elementor-button-wrapper\">\n\t\t\t\t\t<a class=\"elementor-button elementor-button-link elementor-size-sm\" href=\"https:\/\/jf-carvoeira.pt\/magazine\/magazine_01-2018.pdf\" target=\"_blank\">\n\t\t\t\t\t\t<span class=\"elementor-button-content-wrapper\">\n\t\t\t\t\t\t\t\t\t<span class=\"elementor-button-text\">DOWNLOAD<\/span>\n\t\t\t\t\t<\/span>\n\t\t\t\t\t<\/a>\n\t\t\t\t<\/div>\n\t\t\t\t\t\t\t\t<\/div>\n\t\t\t\t<\/div>\n\t\t\t\t\t<\/div>\n\t\t<\/div>\n\t\t\t\t<div class=\"elementor-column elementor-col-50 elementor-inner-column elementor-element elementor-element-ebdc36c\" data-id=\"ebdc36c\" data-element_type=\"column\">\n\t\t\t<div class=\"elementor-widget-wrap elementor-element-populated\">\n\t\t\t\t\t\t<div class=\"elementor-element elementor-element-b550c66 elementor-widget elementor-widget-image\" data-id=\"b550c66\" data-element_type=\"widget\" data-widget_type=\"image.default\">\n\t\t\t\t<div class=\"elementor-widget-container\">\n\t\t\t\t\t\t\t\t\t\t\t\t\t\t\t<img decoding=\"async\" width=\"212\" height=\"300\" src=\"https:\/\/jf-carvoeira.pt\/pt\/wp-content\/uploads\/2021\/11\/magazine-02-2018-212x300.png\" class=\"attachment-medium size-medium wp-image-1158\" alt=\"\" srcset=\"https:\/\/jf-carvoeira.pt\/pt\/wp-content\/uploads\/2021\/11\/magazine-02-2018-212x300.png 212w, https:\/\/jf-carvoeira.pt\/pt\/wp-content\/uploads\/2021\/11\/magazine-02-2018.png 600w\" sizes=\"(max-width: 212px) 100vw, 212px\" \/>\t\t\t\t\t\t\t\t\t\t\t\t\t\t\t<\/div>\n\t\t\t\t<\/div>\n\t\t\t\t<div class=\"elementor-element elementor-element-581d190 elementor-align-center elementor-widget elementor-widget-button\" data-id=\"581d190\" data-element_type=\"widget\" data-widget_type=\"button.default\">\n\t\t\t\t<div class=\"elementor-widget-container\">\n\t\t\t\t\t\t\t\t\t<div class=\"elementor-button-wrapper\">\n\t\t\t\t\t<a class=\"elementor-button elementor-button-link elementor-size-sm\" href=\"https:\/\/jf-carvoeira.pt\/magazine\/magazine_02-2018.pdf\" target=\"_blank\">\n\t\t\t\t\t\t<span class=\"elementor-button-content-wrapper\">\n\t\t\t\t\t\t\t\t\t<span class=\"elementor-button-text\">DOWNLOAD<\/span>\n\t\t\t\t\t<\/span>\n\t\t\t\t\t<\/a>\n\t\t\t\t<\/div>\n\t\t\t\t\t\t\t\t<\/div>\n\t\t\t\t<\/div>\n\t\t\t\t\t<\/div>\n\t\t<\/div>\n\t\t\t\t\t<\/div>\n\t\t<\/section>\n\t\t\t\t<div class=\"elementor-element elementor-element-3cd4b32 elementor-widget elementor-widget-spacer\" data-id=\"3cd4b32\" data-element_type=\"widget\" data-widget_type=\"spacer.default\">\n\t\t\t\t<div class=\"elementor-widget-container\">\n\t\t\t\t\t\t\t<div class=\"elementor-spacer\">\n\t\t\t<div class=\"elementor-spacer-inner\"><\/div>\n\t\t<\/div>\n\t\t\t\t\t\t<\/div>\n\t\t\t\t<\/div>\n\t\t\t\t<div class=\"elementor-element elementor-element-7b841fb1 elementor-widget elementor-widget-text-editor\" data-id=\"7b841fb1\" data-element_type=\"widget\" data-widget_type=\"text-editor.default\">\n\t\t\t\t<div class=\"elementor-widget-container\">\n\t\t\t\t\t\t\t\t\t<div>Direc\u00e7\u00e3o: <strong>Andreia Duarte<\/strong><\/div>\n<div>Redac\u00e7\u00e3o: <strong>Isabel Vieira<\/strong><\/div>\n<div>Design e Pagina\u00e7\u00e3o: <strong>Jos\u00e9 Calapez<\/strong><\/div>\n&nbsp;\n<div>Fa\u00e7a-nos chegar as suas ideais e sugest\u00f5es:\n\n<a href=\"mailto:geral@jf-carvoeira.pt\">geral@jf-carvoeira.pt<\/a><\/div>\t\t\t\t\t\t\t\t<\/div>\n\t\t\t\t<\/div>\n\t\t\t\t\t<\/div>\n\t\t<\/div>\n\t\t\t\t\t<\/div>\n\t\t<\/section>\n\t\t\t\t<\/div>\n\t\t","protected":false},"excerpt":{"rendered":"<p>NOT\u00cdCIAS DA NOSSA FREGUESIA MAGAZINE RENOVAR DOWNLOAD DOWNLOAD Direc\u00e7\u00e3o: Andreia Duarte Redac\u00e7\u00e3o: Isabel Vieira Design e Pagina\u00e7\u00e3o: Jos\u00e9 Calapez &nbsp; Fa\u00e7a-nos chegar as suas ideais e sugest\u00f5es: geral@jf-carvoeira.pt<\/p>\n","protected":false},"author":1,"featured_media":1145,"parent":0,"menu_order":0,"comment_status":"closed","ping_status":"closed","template":"","meta":{"_acf_changed":false,"footnotes":""},"class_list":["post-1142","page","type-page","status-publish","has-post-thumbnail","hentry"],"aioseo_notices":[],"acf":[],"_links":{"self":[{"href":"https:\/\/jf-carvoeira.pt\/pt\/wp-json\/wp\/v2\/pages\/1142","targetHints":{"allow":["GET"]}}],"collection":[{"href":"https:\/\/jf-carvoeira.pt\/pt\/wp-json\/wp\/v2\/pages"}],"about":[{"href":"https:\/\/jf-carvoeira.pt\/pt\/wp-json\/wp\/v2\/types\/page"}],"author":[{"embeddable":true,"href":"https:\/\/jf-carvoeira.pt\/pt\/wp-json\/wp\/v2\/users\/1"}],"replies":[{"embeddable":true,"href":"https:\/\/jf-carvoeira.pt\/pt\/wp-json\/wp\/v2\/comments?post=1142"}],"version-history":[{"count":23,"href":"https:\/\/jf-carvoeira.pt\/pt\/wp-json\/wp\/v2\/pages\/1142\/revisions"}],"predecessor-version":[{"id":1172,"href":"https:\/\/jf-carvoeira.pt\/pt\/wp-json\/wp\/v2\/pages\/1142\/revisions\/1172"}],"wp:featuredmedia":[{"embeddable":true,"href":"https:\/\/jf-carvoeira.pt\/pt\/wp-json\/wp\/v2\/media\/1145"}],"wp:attachment":[{"href":"https:\/\/jf-carvoeira.pt\/pt\/wp-json\/wp\/v2\/media?parent=1142"}],"curies":[{"name":"wp","href":"https:\/\/api.w.org\/{rel}","templated":true}]}}