{"id":3252,"date":"2024-02-05T14:29:32","date_gmt":"2024-02-05T14:29:32","guid":{"rendered":"https:\/\/jf-carvoeira.pt\/pt\/?page_id=3252"},"modified":"2024-02-05T16:31:36","modified_gmt":"2024-02-05T16:31:36","slug":"projecto-o-guardiao-do-rio-lizandro","status":"publish","type":"page","link":"https:\/\/jf-carvoeira.pt\/pt\/projecto-o-guardiao-do-rio-lizandro\/","title":{"rendered":"Projecto &#8220;O Guardi\u00e3o do Rio Lizandro&#8221;"},"content":{"rendered":"\t\t<div data-elementor-type=\"wp-page\" data-elementor-id=\"3252\" class=\"elementor elementor-3252\">\n\t\t\t\t\t\t<section class=\"elementor-section elementor-top-section elementor-element elementor-element-1dbe0ab5 elementor-section-content-middle elementor-section-boxed elementor-section-height-default elementor-section-height-default\" data-id=\"1dbe0ab5\" data-element_type=\"section\">\n\t\t\t\t\t\t<div class=\"elementor-container elementor-column-gap-no\">\n\t\t\t\t\t<div class=\"elementor-column elementor-col-50 elementor-top-column elementor-element elementor-element-548e2332\" data-id=\"548e2332\" data-element_type=\"column\">\n\t\t\t<div class=\"elementor-widget-wrap elementor-element-populated\">\n\t\t\t\t\t\t<div class=\"elementor-element elementor-element-2420d5d elementor-widget elementor-widget-image\" data-id=\"2420d5d\" data-element_type=\"widget\" data-widget_type=\"image.default\">\n\t\t\t\t<div class=\"elementor-widget-container\">\n\t\t\t\t\t\t\t\t\t\t\t\t\t\t\t<img fetchpriority=\"high\" decoding=\"async\" width=\"709\" height=\"948\" src=\"https:\/\/jf-carvoeira.pt\/pt\/wp-content\/uploads\/2024\/02\/Captura-de-ecra-2024-02-05-162920.png\" class=\"attachment-full size-full wp-image-3282\" alt=\"\" srcset=\"https:\/\/jf-carvoeira.pt\/pt\/wp-content\/uploads\/2024\/02\/Captura-de-ecra-2024-02-05-162920.png 709w, https:\/\/jf-carvoeira.pt\/pt\/wp-content\/uploads\/2024\/02\/Captura-de-ecra-2024-02-05-162920-224x300.png 224w, https:\/\/jf-carvoeira.pt\/pt\/wp-content\/uploads\/2024\/02\/Captura-de-ecra-2024-02-05-162920-300x400.png 300w\" sizes=\"(max-width: 709px) 100vw, 709px\" \/>\t\t\t\t\t\t\t\t\t\t\t\t\t\t\t<\/div>\n\t\t\t\t<\/div>\n\t\t\t\t<div class=\"elementor-element elementor-element-e995404 elementor-widget elementor-widget-image\" data-id=\"e995404\" data-element_type=\"widget\" data-widget_type=\"image.default\">\n\t\t\t\t<div class=\"elementor-widget-container\">\n\t\t\t\t\t\t\t\t\t\t\t\t\t\t\t<img decoding=\"async\" width=\"711\" height=\"946\" src=\"https:\/\/jf-carvoeira.pt\/pt\/wp-content\/uploads\/2024\/02\/Captura-de-ecra-2024-02-05-162932.png\" class=\"attachment-full size-full wp-image-3283\" alt=\"\" srcset=\"https:\/\/jf-carvoeira.pt\/pt\/wp-content\/uploads\/2024\/02\/Captura-de-ecra-2024-02-05-162932.png 711w, https:\/\/jf-carvoeira.pt\/pt\/wp-content\/uploads\/2024\/02\/Captura-de-ecra-2024-02-05-162932-225x300.png 225w, https:\/\/jf-carvoeira.pt\/pt\/wp-content\/uploads\/2024\/02\/Captura-de-ecra-2024-02-05-162932-300x400.png 300w\" sizes=\"(max-width: 711px) 100vw, 711px\" \/>\t\t\t\t\t\t\t\t\t\t\t\t\t\t\t<\/div>\n\t\t\t\t<\/div>\n\t\t\t\t\t<\/div>\n\t\t<\/div>\n\t\t\t\t<div class=\"elementor-column elementor-col-50 elementor-top-column elementor-element elementor-element-77979f05\" data-id=\"77979f05\" data-element_type=\"column\">\n\t\t\t<div class=\"elementor-widget-wrap elementor-element-populated\">\n\t\t\t\t\t\t<div class=\"elementor-element elementor-element-6e94d039 elementor-widget elementor-widget-text-editor\" data-id=\"6e94d039\" data-element_type=\"widget\" data-widget_type=\"text-editor.default\">\n\t\t\t\t<div class=\"elementor-widget-container\">\n\t\t\t\t\t\t\t\t\t<p>PROJECTOS FINANCIADOS<\/p>\t\t\t\t\t\t\t\t<\/div>\n\t\t\t\t<\/div>\n\t\t\t\t<div class=\"elementor-element elementor-element-a327a49 elementor-widget elementor-widget-heading\" data-id=\"a327a49\" data-element_type=\"widget\" data-widget_type=\"heading.default\">\n\t\t\t\t<div class=\"elementor-widget-container\">\n\t\t\t\t\t<h4 class=\"elementor-heading-title elementor-size-default\">O Guardi\u00e3o do Rio Lizandro<\/h4>\t\t\t\t<\/div>\n\t\t\t\t<\/div>\n\t\t\t\t<div class=\"elementor-element elementor-element-695cf76 elementor-widget-divider--view-line elementor-widget elementor-widget-divider\" data-id=\"695cf76\" data-element_type=\"widget\" data-widget_type=\"divider.default\">\n\t\t\t\t<div class=\"elementor-widget-container\">\n\t\t\t\t\t\t\t<div class=\"elementor-divider\">\n\t\t\t<span class=\"elementor-divider-separator\">\n\t\t\t\t\t\t<\/span>\n\t\t<\/div>\n\t\t\t\t\t\t<\/div>\n\t\t\t\t<\/div>\n\t\t\t\t<div class=\"elementor-element elementor-element-aa1019d elementor-widget elementor-widget-text-editor\" data-id=\"aa1019d\" data-element_type=\"widget\" data-widget_type=\"text-editor.default\">\n\t\t\t\t<div class=\"elementor-widget-container\">\n\t\t\t\t\t\t\t\t\t<p>O Projecto &#8220;O Guardi\u00e3o do Rio Lizandro&#8221; visa a cria\u00e7\u00e3o da figura do &#8220;Guardi\u00e3o do Rio Lizandro&#8221;, como forma de consciencializa\u00e7\u00e3o para a protec\u00e7\u00e3o do rio, da sua \u00e1rea circundante, nomeadamente o Vale do Lizandro e seus ecossistemas de flora e fauna locais; criar condi\u00e7\u00f5es adequadas para o desenvolvimento de diversas actividades outdoor, tanto ao longo do Vale do Lizandro, atrav\u00e9s da recupera\u00e7\u00e3o e manuten\u00e7\u00e3o de caminhos e percursos pedonais, como atrav\u00e9s de din\u00e2micas dentro do pr\u00f3prio Rio Lizandro, como passeios em Stand-Up Paddle; e que este projecto do &#8220;Guardi\u00e3o do Rio Lizandro&#8221; seja uma alavanca e refer\u00eancia em termos de Ecoturismo no Concelho de Mafra<\/p>\t\t\t\t\t\t\t\t<\/div>\n\t\t\t\t<\/div>\n\t\t\t\t<div class=\"elementor-element elementor-element-e480362 elementor-widget elementor-widget-image\" data-id=\"e480362\" data-element_type=\"widget\" data-widget_type=\"image.default\">\n\t\t\t\t<div class=\"elementor-widget-container\">\n\t\t\t\t\t\t\t\t\t\t\t\t\t\t\t\t<a href=\"https:\/\/agriculture.ec.europa.eu\/common-agricultural-policy_pt\" target=\"_blank\">\n\t\t\t\t\t\t\t<img decoding=\"async\" width=\"720\" height=\"95\" src=\"https:\/\/jf-carvoeira.pt\/pt\/wp-content\/uploads\/2024\/02\/Captura-de-ecra-2024-02-05-143210-1024x135.png\" class=\"attachment-large size-large wp-image-3263\" alt=\"\" srcset=\"https:\/\/jf-carvoeira.pt\/pt\/wp-content\/uploads\/2024\/02\/Captura-de-ecra-2024-02-05-143210-1024x135.png 1024w, https:\/\/jf-carvoeira.pt\/pt\/wp-content\/uploads\/2024\/02\/Captura-de-ecra-2024-02-05-143210-300x40.png 300w, https:\/\/jf-carvoeira.pt\/pt\/wp-content\/uploads\/2024\/02\/Captura-de-ecra-2024-02-05-143210-768x102.png 768w, https:\/\/jf-carvoeira.pt\/pt\/wp-content\/uploads\/2024\/02\/Captura-de-ecra-2024-02-05-143210-1536x203.png 1536w, https:\/\/jf-carvoeira.pt\/pt\/wp-content\/uploads\/2024\/02\/Captura-de-ecra-2024-02-05-143210.png 1550w\" sizes=\"(max-width: 720px) 100vw, 720px\" \/>\t\t\t\t\t\t\t\t<\/a>\n\t\t\t\t\t\t\t\t\t\t\t\t\t\t\t<\/div>\n\t\t\t\t<\/div>\n\t\t\t\t<div class=\"elementor-element elementor-element-62916ab elementor-widget elementor-widget-text-editor\" data-id=\"62916ab\" data-element_type=\"widget\" data-widget_type=\"text-editor.default\">\n\t\t\t\t<div class=\"elementor-widget-container\">\n\t\t\t\t\t\t\t\t\t<ul><li>Designa\u00e7\u00e3o do Projecto: <strong>O Guardi\u00e3o do Rio Lizandro<\/strong><\/li><li>C\u00f3digo do Projecto: <strong>PDR2020 &#8211; 10.2.1.6 &#8211; FEADER &#8211;<\/strong><\/li><li>Objetivo principal | <strong>Dinamiza\u00e7\u00e3o das Zonas Rurais<\/strong><\/li><li>Regi\u00e3o de interven\u00e7\u00e3o | <strong>\u00c1rea Metropolitana de Lisboa<\/strong><\/li><li>Entidade benefici\u00e1ria | <strong>Junta de Freguesia da Carvoeira<\/strong><\/li><li>Data de aprova\u00e7\u00e3o | (este e seguintes ver no termo da opera\u00e7\u00e3o \u2013 Contrato IFAP)<\/li><li>Data de in\u00edcio |<\/li><li>Data de conclus\u00e3o | <strong>31\/12\/2024<\/strong><\/li><li>Custo total eleg\u00edvel | <strong>261.561,00\u20ac<\/strong><\/li><li>Apoio financeiro da Uni\u00e3o Europeia |<strong> 222.326,85\u20ac<\/strong><\/li><li>Apoio financeiro p\u00fablico nacional | <strong>39.234,15\u20ac<\/strong><\/li><li>Objetivos e resultados esperados\/atingidos:<\/li><\/ul>\t\t\t\t\t\t\t\t<\/div>\n\t\t\t\t<\/div>\n\t\t\t\t\t<\/div>\n\t\t<\/div>\n\t\t\t\t\t<\/div>\n\t\t<\/section>\n\t\t\t\t<\/div>\n\t\t","protected":false},"excerpt":{"rendered":"<p>PROJECTOS FINANCIADOS O Guardi\u00e3o do Rio Lizandro O Projecto &#8220;O Guardi\u00e3o do Rio Lizandro&#8221; visa a cria\u00e7\u00e3o da figura do &#8220;Guardi\u00e3o do Rio Lizandro&#8221;, como forma de consciencializa\u00e7\u00e3o para a protec\u00e7\u00e3o do rio, da sua \u00e1rea circundante, nomeadamente o Vale do Lizandro e seus ecossistemas de flora e fauna locais; criar condi\u00e7\u00f5es adequadas para o desenvolvimento de diversas actividades outdoor, [&hellip;]<\/p>\n","protected":false},"author":1,"featured_media":0,"parent":0,"menu_order":0,"comment_status":"closed","ping_status":"closed","template":"elementor_header_footer","meta":{"_acf_changed":false,"footnotes":""},"class_list":["post-3252","page","type-page","status-publish","hentry"],"aioseo_notices":[],"acf":[],"_links":{"self":[{"href":"https:\/\/jf-carvoeira.pt\/pt\/wp-json\/wp\/v2\/pages\/3252","targetHints":{"allow":["GET"]}}],"collection":[{"href":"https:\/\/jf-carvoeira.pt\/pt\/wp-json\/wp\/v2\/pages"}],"about":[{"href":"https:\/\/jf-carvoeira.pt\/pt\/wp-json\/wp\/v2\/types\/page"}],"author":[{"embeddable":true,"href":"https:\/\/jf-carvoeira.pt\/pt\/wp-json\/wp\/v2\/users\/1"}],"replies":[{"embeddable":true,"href":"https:\/\/jf-carvoeira.pt\/pt\/wp-json\/wp\/v2\/comments?post=3252"}],"version-history":[{"count":28,"href":"https:\/\/jf-carvoeira.pt\/pt\/wp-json\/wp\/v2\/pages\/3252\/revisions"}],"predecessor-version":[{"id":3286,"href":"https:\/\/jf-carvoeira.pt\/pt\/wp-json\/wp\/v2\/pages\/3252\/revisions\/3286"}],"wp:attachment":[{"href":"https:\/\/jf-carvoeira.pt\/pt\/wp-json\/wp\/v2\/media?parent=3252"}],"curies":[{"name":"wp","href":"https:\/\/api.w.org\/{rel}","templated":true}]}}