{"id":443,"date":"2021-10-13T22:47:39","date_gmt":"2021-10-13T22:47:39","guid":{"rendered":"https:\/\/jf-carvoeira.pt\/pt\/?page_id=443"},"modified":"2021-12-06T15:41:02","modified_gmt":"2021-12-06T15:41:02","slug":"associativismo","status":"publish","type":"page","link":"https:\/\/jf-carvoeira.pt\/pt\/associativismo\/","title":{"rendered":"Associativismo e Coletividades"},"content":{"rendered":"\t\t<div data-elementor-type=\"wp-page\" data-elementor-id=\"443\" class=\"elementor elementor-443\">\n\t\t\t\t\t\t<section class=\"elementor-section elementor-top-section elementor-element elementor-element-4bcf6726 elementor-section-boxed elementor-section-height-default elementor-section-height-default\" data-id=\"4bcf6726\" data-element_type=\"section\" data-settings=\"{&quot;background_background&quot;:&quot;video&quot;,&quot;background_video_link&quot;:&quot;https:\\\/\\\/www.youtube.com\\\/watch?v=ZcBw06UbAws&quot;}\">\n\t\t\t\t\t\t\t\t<div class=\"elementor-background-video-container elementor-hidden-mobile\" aria-hidden=\"true\">\n\t\t\t\t\t\t\t\t\t\t\t\t\t<div class=\"elementor-background-video-embed\"><\/div>\n\t\t\t\t\t\t\t\t\t\t\t\t<\/div>\n\t\t\t\t\t\t\t\t\t<div class=\"elementor-background-overlay\"><\/div>\n\t\t\t\t\t\t\t<div class=\"elementor-container elementor-column-gap-default\">\n\t\t\t\t\t<div class=\"elementor-column elementor-col-100 elementor-top-column elementor-element elementor-element-477cb93d\" data-id=\"477cb93d\" data-element_type=\"column\">\n\t\t\t<div class=\"elementor-widget-wrap elementor-element-populated\">\n\t\t\t\t\t\t<div class=\"elementor-element elementor-element-27a5c64 elementor-widget elementor-widget-heading\" data-id=\"27a5c64\" data-element_type=\"widget\" data-widget_type=\"heading.default\">\n\t\t\t\t<div class=\"elementor-widget-container\">\n\t\t\t\t\t<h2 class=\"elementor-heading-title elementor-size-large\">Associativismo e Colectividades<\/h2>\t\t\t\t<\/div>\n\t\t\t\t<\/div>\n\t\t\t\t<div class=\"elementor-element elementor-element-7bf8dd4 elementor-widget elementor-widget-spacer\" data-id=\"7bf8dd4\" data-element_type=\"widget\" data-widget_type=\"spacer.default\">\n\t\t\t\t<div class=\"elementor-widget-container\">\n\t\t\t\t\t\t\t<div class=\"elementor-spacer\">\n\t\t\t<div class=\"elementor-spacer-inner\"><\/div>\n\t\t<\/div>\n\t\t\t\t\t\t<\/div>\n\t\t\t\t<\/div>\n\t\t\t\t<div class=\"elementor-element elementor-element-14e6a165 elementor-widget elementor-widget-heading\" data-id=\"14e6a165\" data-element_type=\"widget\" data-widget_type=\"heading.default\">\n\t\t\t\t<div class=\"elementor-widget-container\">\n\t\t\t\t\t<p class=\"elementor-heading-title elementor-size-large\">O Associativismo \u00e9 a express\u00e3o organizada da sociedade, apelando \u00e0 responsabiliza\u00e7\u00e3o e interven\u00e7\u00e3o dos cidad\u00e3os em v\u00e1rias esferas da vida social e constituiu um importante meio de exercer a cidadania.<\/p>\t\t\t\t<\/div>\n\t\t\t\t<\/div>\n\t\t\t\t<div class=\"elementor-element elementor-element-7fff1f9f elementor-widget elementor-widget-spacer\" data-id=\"7fff1f9f\" data-element_type=\"widget\" data-widget_type=\"spacer.default\">\n\t\t\t\t<div class=\"elementor-widget-container\">\n\t\t\t\t\t\t\t<div class=\"elementor-spacer\">\n\t\t\t<div class=\"elementor-spacer-inner\"><\/div>\n\t\t<\/div>\n\t\t\t\t\t\t<\/div>\n\t\t\t\t<\/div>\n\t\t\t\t\t<\/div>\n\t\t<\/div>\n\t\t\t\t\t<\/div>\n\t\t<\/section>\n\t\t\t\t<section class=\"elementor-section elementor-top-section elementor-element elementor-element-6ae8264 elementor-section-boxed elementor-section-height-default elementor-section-height-default\" data-id=\"6ae8264\" data-element_type=\"section\">\n\t\t\t\t\t\t<div class=\"elementor-container elementor-column-gap-default\">\n\t\t\t\t\t<div class=\"elementor-column elementor-col-100 elementor-top-column elementor-element elementor-element-7d92a58\" data-id=\"7d92a58\" data-element_type=\"column\">\n\t\t\t<div class=\"elementor-widget-wrap elementor-element-populated\">\n\t\t\t\t\t\t<div class=\"elementor-element elementor-element-6c8a8cf elementor-widget elementor-widget-text-editor\" data-id=\"6c8a8cf\" data-element_type=\"widget\" data-widget_type=\"text-editor.default\">\n\t\t\t\t<div class=\"elementor-widget-container\">\n\t\t\t\t\t\t\t\t\t<p class=\"text-align-justify\">A import\u00e2ncia e o valor do associativismo decorre do facto de constituir uma cria\u00e7\u00e3o e realiza\u00e7\u00e3o viva e independente; uma express\u00e3o da a\u00e7\u00e3o social das popula\u00e7\u00f5es nas mais variadas \u00e1reas.<\/p><p class=\"text-align-justify\">&#8220;Associa\u00e7\u00e3o&#8221; \u00e9 a reuni\u00e3o de duas ou mais pessoas que p\u00f5em em comum, de uma maneira permanente, os seus conhecimentos ou a sua atividade para um fim que n\u00e3o \u00e9 o de partilhar os benef\u00edcios.<\/p><p class=\"text-align-justify\">Trata-se de um movimento no qual as pessoas se agrupam em torno de interesses comuns, constituindo associa\u00e7\u00f5es, entidades com personalidade jur\u00eddica e com objetivos de entreajuda e coopera\u00e7\u00e3o.<\/p><p class=\"text-align-justify\">As associa\u00e7\u00f5es resultam sempre de uma congrega\u00e7\u00e3o de esfor\u00e7os, em primeiro lugar dos fundadores e depois de todos os associados. Se por um lado a origem de uma associa\u00e7\u00e3o acaba por ser comum a todas, ou seja, a congrega\u00e7\u00e3o de esfor\u00e7os em torno de um interesse comum, por outro, o seu fim, o seu objetivo, j\u00e1 pode ser o mais diversificado, levando a que existam as mais variadas associa\u00e7\u00f5es (culturais, recreativas, desportivas, defesa do ambiente e patrim\u00f3nio, desenvolvimento local, moradores, estudantes, pais, profissionais&#8230;).<\/p>\t\t\t\t\t\t\t\t<\/div>\n\t\t\t\t<\/div>\n\t\t\t\t<div class=\"elementor-element elementor-element-13641f9 elementor-widget-divider--view-line elementor-widget elementor-widget-divider\" data-id=\"13641f9\" data-element_type=\"widget\" data-widget_type=\"divider.default\">\n\t\t\t\t<div class=\"elementor-widget-container\">\n\t\t\t\t\t\t\t<div class=\"elementor-divider\">\n\t\t\t<span class=\"elementor-divider-separator\">\n\t\t\t\t\t\t<\/span>\n\t\t<\/div>\n\t\t\t\t\t\t<\/div>\n\t\t\t\t<\/div>\n\t\t\t\t\t<\/div>\n\t\t<\/div>\n\t\t\t\t\t<\/div>\n\t\t<\/section>\n\t\t\t\t<section class=\"elementor-section elementor-top-section elementor-element elementor-element-d9136c4 elementor-section-boxed elementor-section-height-default elementor-section-height-default\" data-id=\"d9136c4\" data-element_type=\"section\">\n\t\t\t\t\t\t<div class=\"elementor-container elementor-column-gap-default\">\n\t\t\t\t\t<div class=\"elementor-column elementor-col-100 elementor-top-column elementor-element elementor-element-970b2b4\" data-id=\"970b2b4\" data-element_type=\"column\">\n\t\t\t<div class=\"elementor-widget-wrap elementor-element-populated\">\n\t\t\t\t\t\t<div class=\"elementor-element elementor-element-ccb0e50 elementor-widget elementor-widget-heading\" data-id=\"ccb0e50\" data-element_type=\"widget\" data-widget_type=\"heading.default\">\n\t\t\t\t<div class=\"elementor-widget-container\">\n\t\t\t\t\t<h2 class=\"elementor-heading-title elementor-size-default\">Associa\u00e7\u00f5es e Colectividades na nossa Freguesia<\/h2>\t\t\t\t<\/div>\n\t\t\t\t<\/div>\n\t\t\t\t\t<\/div>\n\t\t<\/div>\n\t\t\t\t\t<\/div>\n\t\t<\/section>\n\t\t\t\t<section class=\"elementor-section elementor-top-section elementor-element elementor-element-5f42c910 elementor-section-boxed elementor-section-height-default elementor-section-height-default\" data-id=\"5f42c910\" data-element_type=\"section\">\n\t\t\t\t\t\t<div class=\"elementor-container elementor-column-gap-wider\">\n\t\t\t\t\t<div class=\"elementor-column elementor-col-33 elementor-top-column elementor-element elementor-element-13fed5a8\" data-id=\"13fed5a8\" data-element_type=\"column\">\n\t\t\t<div class=\"elementor-widget-wrap elementor-element-populated\">\n\t\t\t\t\t\t<div class=\"elementor-element elementor-element-ef6795b elementor-vertical-align-top elementor-widget elementor-widget-image-box\" data-id=\"ef6795b\" data-element_type=\"widget\" data-widget_type=\"image-box.default\">\n\t\t\t\t<div class=\"elementor-widget-container\">\n\t\t\t\t\t<div class=\"elementor-image-box-wrapper\"><div class=\"elementor-image-box-content\"><h3 class=\"elementor-image-box-title\">Centro Associativo da Carvoeira<\/h3><p class=\"elementor-image-box-description\">Carvoeira<\/p><\/div><\/div>\t\t\t\t<\/div>\n\t\t\t\t<\/div>\n\t\t\t\t\t<\/div>\n\t\t<\/div>\n\t\t\t\t<div class=\"elementor-column elementor-col-33 elementor-top-column elementor-element elementor-element-4ffb996c\" data-id=\"4ffb996c\" data-element_type=\"column\">\n\t\t\t<div class=\"elementor-widget-wrap elementor-element-populated\">\n\t\t\t\t\t\t<div class=\"elementor-element elementor-element-64adc1b elementor-vertical-align-top elementor-widget elementor-widget-image-box\" data-id=\"64adc1b\" data-element_type=\"widget\" data-widget_type=\"image-box.default\">\n\t\t\t\t<div class=\"elementor-widget-container\">\n\t\t\t\t\t<div class=\"elementor-image-box-wrapper\"><div class=\"elementor-image-box-content\"><h3 class=\"elementor-image-box-title\">Liga dos Amigos de S\u00e3o Juli\u00e3o<\/h3><p class=\"elementor-image-box-description\">S\u00e3o Juli\u00e3o<\/p><\/div><\/div>\t\t\t\t<\/div>\n\t\t\t\t<\/div>\n\t\t\t\t\t<\/div>\n\t\t<\/div>\n\t\t\t\t<div class=\"elementor-column elementor-col-33 elementor-top-column elementor-element elementor-element-671e60f9\" data-id=\"671e60f9\" data-element_type=\"column\">\n\t\t\t<div class=\"elementor-widget-wrap elementor-element-populated\">\n\t\t\t\t\t\t<div class=\"elementor-element elementor-element-d0d279d elementor-vertical-align-top elementor-widget elementor-widget-image-box\" data-id=\"d0d279d\" data-element_type=\"widget\" data-widget_type=\"image-box.default\">\n\t\t\t\t<div class=\"elementor-widget-container\">\n\t\t\t\t\t<div class=\"elementor-image-box-wrapper\"><div class=\"elementor-image-box-content\"><h3 class=\"elementor-image-box-title\">Centro Cultural e Recreativo da Baleia, Barril e Valbom<\/h3><p class=\"elementor-image-box-description\">Baleia<\/p><\/div><\/div>\t\t\t\t<\/div>\n\t\t\t\t<\/div>\n\t\t\t\t\t<\/div>\n\t\t<\/div>\n\t\t\t\t\t<\/div>\n\t\t<\/section>\n\t\t\t\t<section class=\"elementor-section elementor-top-section elementor-element elementor-element-dcd50ee elementor-section-boxed elementor-section-height-default elementor-section-height-default\" data-id=\"dcd50ee\" data-element_type=\"section\">\n\t\t\t\t\t\t<div class=\"elementor-container elementor-column-gap-default\">\n\t\t\t\t\t<div class=\"elementor-column elementor-col-100 elementor-top-column elementor-element elementor-element-811dfac\" data-id=\"811dfac\" data-element_type=\"column\">\n\t\t\t<div class=\"elementor-widget-wrap elementor-element-populated\">\n\t\t\t\t\t\t<div class=\"elementor-element elementor-element-ec4bc4e elementor-widget-divider--view-line elementor-widget elementor-widget-divider\" data-id=\"ec4bc4e\" data-element_type=\"widget\" data-widget_type=\"divider.default\">\n\t\t\t\t<div class=\"elementor-widget-container\">\n\t\t\t\t\t\t\t<div class=\"elementor-divider\">\n\t\t\t<span class=\"elementor-divider-separator\">\n\t\t\t\t\t\t<\/span>\n\t\t<\/div>\n\t\t\t\t\t\t<\/div>\n\t\t\t\t<\/div>\n\t\t\t\t\t<\/div>\n\t\t<\/div>\n\t\t\t\t\t<\/div>\n\t\t<\/section>\n\t\t\t\t<section class=\"elementor-section elementor-top-section elementor-element elementor-element-d9997ba elementor-section-boxed elementor-section-height-default elementor-section-height-default\" data-id=\"d9997ba\" data-element_type=\"section\">\n\t\t\t\t\t\t<div class=\"elementor-container elementor-column-gap-wider\">\n\t\t\t\t\t<div class=\"elementor-column elementor-col-33 elementor-top-column elementor-element elementor-element-92a7c37\" data-id=\"92a7c37\" data-element_type=\"column\">\n\t\t\t<div class=\"elementor-widget-wrap elementor-element-populated\">\n\t\t\t\t\t\t<div class=\"elementor-element elementor-element-7ffd6a6 elementor-vertical-align-top elementor-widget elementor-widget-image-box\" data-id=\"7ffd6a6\" data-element_type=\"widget\" data-widget_type=\"image-box.default\">\n\t\t\t\t<div class=\"elementor-widget-container\">\n\t\t\t\t\t<div class=\"elementor-image-box-wrapper\"><div class=\"elementor-image-box-content\"><h3 class=\"elementor-image-box-title\">Grupo Desportivo e Associativo de Fonte Boa da Brincosa e Lapa da Serra<\/h3><p class=\"elementor-image-box-description\">Fonte Boa da Brincosa<\/p><\/div><\/div>\t\t\t\t<\/div>\n\t\t\t\t<\/div>\n\t\t\t\t\t<\/div>\n\t\t<\/div>\n\t\t\t\t<div class=\"elementor-column elementor-col-33 elementor-top-column elementor-element elementor-element-593a756\" data-id=\"593a756\" data-element_type=\"column\">\n\t\t\t<div class=\"elementor-widget-wrap elementor-element-populated\">\n\t\t\t\t\t\t<div class=\"elementor-element elementor-element-3d79023 elementor-vertical-align-top elementor-widget elementor-widget-image-box\" data-id=\"3d79023\" data-element_type=\"widget\" data-widget_type=\"image-box.default\">\n\t\t\t\t<div class=\"elementor-widget-container\">\n\t\t\t\t\t<div class=\"elementor-image-box-wrapper\"><div class=\"elementor-image-box-content\"><h3 class=\"elementor-image-box-title\">Sinfonias de Luz - Associa\u00e7\u00e3o Art\u00edstica e Cultural<\/h3><p class=\"elementor-image-box-description\">Carvoeira<\/p><\/div><\/div>\t\t\t\t<\/div>\n\t\t\t\t<\/div>\n\t\t\t\t\t<\/div>\n\t\t<\/div>\n\t\t\t\t<div class=\"elementor-column elementor-col-33 elementor-top-column elementor-element elementor-element-92fc5de\" data-id=\"92fc5de\" data-element_type=\"column\">\n\t\t\t<div class=\"elementor-widget-wrap elementor-element-populated\">\n\t\t\t\t\t\t<div class=\"elementor-element elementor-element-e0db20b elementor-vertical-align-top elementor-widget elementor-widget-image-box\" data-id=\"e0db20b\" data-element_type=\"widget\" data-widget_type=\"image-box.default\">\n\t\t\t\t<div class=\"elementor-widget-container\">\n\t\t\t\t\t<div class=\"elementor-image-box-wrapper\"><div class=\"elementor-image-box-content\"><h3 class=\"elementor-image-box-title\">Associa\u00e7\u00e3o dos Ca\u00e7adores do Vale do Lizandro e Carvoeira<\/h3><p class=\"elementor-image-box-description\">Carvoeira<\/p><\/div><\/div>\t\t\t\t<\/div>\n\t\t\t\t<\/div>\n\t\t\t\t\t<\/div>\n\t\t<\/div>\n\t\t\t\t\t<\/div>\n\t\t<\/section>\n\t\t\t\t<section class=\"elementor-section elementor-top-section elementor-element elementor-element-323c735 elementor-section-boxed elementor-section-height-default elementor-section-height-default\" data-id=\"323c735\" data-element_type=\"section\">\n\t\t\t\t\t\t<div class=\"elementor-container elementor-column-gap-default\">\n\t\t\t\t\t<div class=\"elementor-column elementor-col-100 elementor-top-column elementor-element elementor-element-0b2f867\" data-id=\"0b2f867\" data-element_type=\"column\">\n\t\t\t<div class=\"elementor-widget-wrap elementor-element-populated\">\n\t\t\t\t\t\t<div class=\"elementor-element elementor-element-1fa4744 elementor-widget-divider--view-line elementor-widget elementor-widget-divider\" data-id=\"1fa4744\" data-element_type=\"widget\" data-widget_type=\"divider.default\">\n\t\t\t\t<div class=\"elementor-widget-container\">\n\t\t\t\t\t\t\t<div class=\"elementor-divider\">\n\t\t\t<span class=\"elementor-divider-separator\">\n\t\t\t\t\t\t<\/span>\n\t\t<\/div>\n\t\t\t\t\t\t<\/div>\n\t\t\t\t<\/div>\n\t\t\t\t\t<\/div>\n\t\t<\/div>\n\t\t\t\t\t<\/div>\n\t\t<\/section>\n\t\t\t\t<section class=\"elementor-section elementor-top-section elementor-element elementor-element-325e02e elementor-section-boxed elementor-section-height-default elementor-section-height-default\" data-id=\"325e02e\" data-element_type=\"section\">\n\t\t\t\t\t\t<div class=\"elementor-container elementor-column-gap-wider\">\n\t\t\t\t\t<div class=\"elementor-column elementor-col-33 elementor-top-column elementor-element elementor-element-b118866\" data-id=\"b118866\" data-element_type=\"column\">\n\t\t\t<div class=\"elementor-widget-wrap elementor-element-populated\">\n\t\t\t\t\t\t<div class=\"elementor-element elementor-element-0562370 elementor-vertical-align-top elementor-widget elementor-widget-image-box\" data-id=\"0562370\" data-element_type=\"widget\" data-widget_type=\"image-box.default\">\n\t\t\t\t<div class=\"elementor-widget-container\">\n\t\t\t\t\t<div class=\"elementor-image-box-wrapper\"><div class=\"elementor-image-box-content\"><h3 class=\"elementor-image-box-title\">Junta de Agricultores do Vale do Lizandro<\/h3><p class=\"elementor-image-box-description\">Fonte Boa da Brincosa<\/p><\/div><\/div>\t\t\t\t<\/div>\n\t\t\t\t<\/div>\n\t\t\t\t\t<\/div>\n\t\t<\/div>\n\t\t\t\t<div class=\"elementor-column elementor-col-33 elementor-top-column elementor-element elementor-element-0fda2f7\" data-id=\"0fda2f7\" data-element_type=\"column\">\n\t\t\t<div class=\"elementor-widget-wrap elementor-element-populated\">\n\t\t\t\t\t\t<div class=\"elementor-element elementor-element-e06227d elementor-vertical-align-top elementor-widget elementor-widget-image-box\" data-id=\"e06227d\" data-element_type=\"widget\" data-widget_type=\"image-box.default\">\n\t\t\t\t<div class=\"elementor-widget-container\">\n\t\t\t\t\t<div class=\"elementor-image-box-wrapper\"><div class=\"elementor-image-box-content\"><h3 class=\"elementor-image-box-title\">Associa\u00e7\u00e3o Aqui por Ti<\/h3><p class=\"elementor-image-box-description\">Fonte Boa da Brincosa<\/p><\/div><\/div>\t\t\t\t<\/div>\n\t\t\t\t<\/div>\n\t\t\t\t\t<\/div>\n\t\t<\/div>\n\t\t\t\t<div class=\"elementor-column elementor-col-33 elementor-top-column elementor-element elementor-element-843314d\" data-id=\"843314d\" data-element_type=\"column\">\n\t\t\t<div class=\"elementor-widget-wrap elementor-element-populated\">\n\t\t\t\t\t\t<div class=\"elementor-element elementor-element-792b703 elementor-vertical-align-top elementor-widget elementor-widget-image-box\" data-id=\"792b703\" data-element_type=\"widget\" data-widget_type=\"image-box.default\">\n\t\t\t\t<div class=\"elementor-widget-container\">\n\t\t\t\t\t<div class=\"elementor-image-box-wrapper\"><div class=\"elementor-image-box-content\"><h3 class=\"elementor-image-box-title\">Academia do Bombo<\/h3><p class=\"elementor-image-box-description\">Carvoeira<\/p><\/div><\/div>\t\t\t\t<\/div>\n\t\t\t\t<\/div>\n\t\t\t\t\t<\/div>\n\t\t<\/div>\n\t\t\t\t\t<\/div>\n\t\t<\/section>\n\t\t\t\t<section class=\"elementor-section elementor-top-section elementor-element elementor-element-df9c6e3 elementor-section-boxed elementor-section-height-default elementor-section-height-default\" data-id=\"df9c6e3\" data-element_type=\"section\">\n\t\t\t\t\t\t<div class=\"elementor-container elementor-column-gap-default\">\n\t\t\t\t\t<div class=\"elementor-column elementor-col-100 elementor-top-column elementor-element elementor-element-dd0672c\" data-id=\"dd0672c\" data-element_type=\"column\">\n\t\t\t<div class=\"elementor-widget-wrap elementor-element-populated\">\n\t\t\t\t\t\t<div class=\"elementor-element elementor-element-47d50c8 elementor-widget-divider--view-line elementor-widget elementor-widget-divider\" data-id=\"47d50c8\" data-element_type=\"widget\" data-widget_type=\"divider.default\">\n\t\t\t\t<div class=\"elementor-widget-container\">\n\t\t\t\t\t\t\t<div class=\"elementor-divider\">\n\t\t\t<span class=\"elementor-divider-separator\">\n\t\t\t\t\t\t<\/span>\n\t\t<\/div>\n\t\t\t\t\t\t<\/div>\n\t\t\t\t<\/div>\n\t\t\t\t\t<\/div>\n\t\t<\/div>\n\t\t\t\t\t<\/div>\n\t\t<\/section>\n\t\t\t\t<section class=\"elementor-section elementor-top-section elementor-element elementor-element-5db549de elementor-section-content-middle elementor-section-boxed elementor-section-height-default elementor-section-height-default\" data-id=\"5db549de\" data-element_type=\"section\">\n\t\t\t\t\t\t<div class=\"elementor-container elementor-column-gap-no\">\n\t\t\t\t\t<div class=\"elementor-column elementor-col-100 elementor-top-column elementor-element elementor-element-7df0b80e\" data-id=\"7df0b80e\" data-element_type=\"column\">\n\t\t\t<div class=\"elementor-widget-wrap elementor-element-populated\">\n\t\t\t\t\t\t<div class=\"elementor-element elementor-element-50abfef9 elementor-widget elementor-widget-text-editor\" data-id=\"50abfef9\" data-element_type=\"widget\" data-widget_type=\"text-editor.default\">\n\t\t\t\t<div class=\"elementor-widget-container\">\n\t\t\t\t\t\t\t\t\t<p>APOIO AO ASSOCIATIVISMO<\/p>\t\t\t\t\t\t\t\t<\/div>\n\t\t\t\t<\/div>\n\t\t\t\t<div class=\"elementor-element elementor-element-6569ee39 elementor-widget elementor-widget-heading\" data-id=\"6569ee39\" data-element_type=\"widget\" data-widget_type=\"heading.default\">\n\t\t\t\t<div class=\"elementor-widget-container\">\n\t\t\t\t\t<h4 class=\"elementor-heading-title elementor-size-default\">Regulamento de Apoio ao Movimento Associativo<\/h4>\t\t\t\t<\/div>\n\t\t\t\t<\/div>\n\t\t\t\t<div class=\"elementor-element elementor-element-570adf3b elementor-widget elementor-widget-spacer\" data-id=\"570adf3b\" data-element_type=\"widget\" data-widget_type=\"spacer.default\">\n\t\t\t\t<div class=\"elementor-widget-container\">\n\t\t\t\t\t\t\t<div class=\"elementor-spacer\">\n\t\t\t<div class=\"elementor-spacer-inner\"><\/div>\n\t\t<\/div>\n\t\t\t\t\t\t<\/div>\n\t\t\t\t<\/div>\n\t\t\t\t<div class=\"elementor-element elementor-element-3a5fdfcf elementor-widget elementor-widget-text-editor\" data-id=\"3a5fdfcf\" data-element_type=\"widget\" data-widget_type=\"text-editor.default\">\n\t\t\t\t<div class=\"elementor-widget-container\">\n\t\t\t\t\t\t\t\t\t<p>A Freguesia da Carvoeira tem como uma das suas principais preocupa\u00e7\u00f5es o desenvolvimento econ\u00f3mico e social da Freguesia, bem como o bem-estar e qualidade de vida da sua popula\u00e7\u00e3o.<br \/>Considerando as associa\u00e7\u00f5es, e outras entidades sem fins lucrativos, como parceiros importantes na prossecu\u00e7\u00e3o do interesse p\u00fablico, atrav\u00e9s da dinamiza\u00e7\u00e3o de atividades culturais, recreativas, desportivas e humanit\u00e1rias, a Freguesia da Carvoeira reconhece a necessidade de apoio financeiro e log\u00edstico a estas organiza\u00e7\u00f5es.<br \/>Pela import\u00e2ncia que estes apoios revestem para muitas associa\u00e7\u00f5es e sendo imprescind\u00edvel o cumprimento dos valores da transpar\u00eancia e igualdade para uma boa gest\u00e3o dos dinheiros p\u00fablicos, e na compet\u00eancia que lhe \u00e9 atribu\u00edda pela al\u00ednea o) do artigo 16.\u00ba do anexo I da Lei n.\u00ba 75\/2013 de 12 de setembro, a Junta de Freguesia da Carvoeira, prop\u00f5e regulamentar a atribui\u00e7\u00e3o de apoios \u00e0s associa\u00e7\u00f5es ou outras organiza\u00e7\u00f5es sem fins lucrativos.<br \/>O projeto do presente regulamento foi submetido a aprecia\u00e7\u00e3o p\u00fablica, nos termos do artigo 118.\u00ba do C\u00f3digo do Procedimento Administrativo.<\/p><p>\u00a0<\/p>\t\t\t\t\t\t\t\t<\/div>\n\t\t\t\t<\/div>\n\t\t\t\t<div class=\"elementor-element elementor-element-57aba63 elementor-align-center elementor-widget elementor-widget-button\" data-id=\"57aba63\" data-element_type=\"widget\" data-widget_type=\"button.default\">\n\t\t\t\t<div class=\"elementor-widget-container\">\n\t\t\t\t\t\t\t\t\t<div class=\"elementor-button-wrapper\">\n\t\t\t\t\t<a class=\"elementor-button elementor-button-link elementor-size-sm\" href=\"https:\/\/jf-carvoeira.pt\/\/pt\/apoio\/ficheiros\/regulamento-de-apoio-associativismo-jf-carvoeira.pdf\" target=\"_blank\">\n\t\t\t\t\t\t<span class=\"elementor-button-content-wrapper\">\n\t\t\t\t\t\t\t\t\t<span class=\"elementor-button-text\">REQUERIMENTO PARA PEDIDO DE APOIOS<\/span>\n\t\t\t\t\t<\/span>\n\t\t\t\t\t<\/a>\n\t\t\t\t<\/div>\n\t\t\t\t\t\t\t\t<\/div>\n\t\t\t\t<\/div>\n\t\t\t\t\t<\/div>\n\t\t<\/div>\n\t\t\t\t\t<\/div>\n\t\t<\/section>\n\t\t\t\t<\/div>\n\t\t","protected":false},"excerpt":{"rendered":"<p>Associativismo e Colectividades O Associativismo \u00e9 a express\u00e3o organizada da sociedade, apelando \u00e0 responsabiliza\u00e7\u00e3o e interven\u00e7\u00e3o dos cidad\u00e3os em v\u00e1rias esferas da vida social e constituiu um importante meio de exercer a cidadania. A import\u00e2ncia e o valor do associativismo decorre do facto de constituir uma cria\u00e7\u00e3o e realiza\u00e7\u00e3o viva e independente; uma express\u00e3o da a\u00e7\u00e3o social das popula\u00e7\u00f5es nas [&hellip;]<\/p>\n","protected":false},"author":1,"featured_media":0,"parent":0,"menu_order":0,"comment_status":"closed","ping_status":"closed","template":"","meta":{"_acf_changed":false,"footnotes":""},"class_list":["post-443","page","type-page","status-publish","hentry"],"aioseo_notices":[],"acf":[],"_links":{"self":[{"href":"https:\/\/jf-carvoeira.pt\/pt\/wp-json\/wp\/v2\/pages\/443","targetHints":{"allow":["GET"]}}],"collection":[{"href":"https:\/\/jf-carvoeira.pt\/pt\/wp-json\/wp\/v2\/pages"}],"about":[{"href":"https:\/\/jf-carvoeira.pt\/pt\/wp-json\/wp\/v2\/types\/page"}],"author":[{"embeddable":true,"href":"https:\/\/jf-carvoeira.pt\/pt\/wp-json\/wp\/v2\/users\/1"}],"replies":[{"embeddable":true,"href":"https:\/\/jf-carvoeira.pt\/pt\/wp-json\/wp\/v2\/comments?post=443"}],"version-history":[{"count":75,"href":"https:\/\/jf-carvoeira.pt\/pt\/wp-json\/wp\/v2\/pages\/443\/revisions"}],"predecessor-version":[{"id":1386,"href":"https:\/\/jf-carvoeira.pt\/pt\/wp-json\/wp\/v2\/pages\/443\/revisions\/1386"}],"wp:attachment":[{"href":"https:\/\/jf-carvoeira.pt\/pt\/wp-json\/wp\/v2\/media?parent=443"}],"curies":[{"name":"wp","href":"https:\/\/api.w.org\/{rel}","templated":true}]}}