{"id":531,"date":"2021-10-14T09:58:49","date_gmt":"2021-10-14T09:58:49","guid":{"rendered":"https:\/\/jf-carvoeira.pt\/pt\/?page_id=531"},"modified":"2021-11-02T22:58:35","modified_gmt":"2021-11-02T22:58:35","slug":"competencias-junta-freguesia","status":"publish","type":"page","link":"https:\/\/jf-carvoeira.pt\/pt\/competencias-junta-freguesia\/","title":{"rendered":"Compet\u00eancias da Junta de Freguesia"},"content":{"rendered":"\t\t<div data-elementor-type=\"wp-page\" data-elementor-id=\"531\" class=\"elementor elementor-531\">\n\t\t\t\t\t\t<section class=\"elementor-section elementor-top-section elementor-element elementor-element-5104ee38 elementor-section-content-middle elementor-section-boxed elementor-section-height-default elementor-section-height-default\" data-id=\"5104ee38\" data-element_type=\"section\">\n\t\t\t\t\t\t<div class=\"elementor-container elementor-column-gap-no\">\n\t\t\t\t\t<div class=\"elementor-column elementor-col-50 elementor-top-column elementor-element elementor-element-30771323\" data-id=\"30771323\" data-element_type=\"column\">\n\t\t\t<div class=\"elementor-widget-wrap elementor-element-populated\">\n\t\t\t\t\t\t<div class=\"elementor-element elementor-element-77dee20c elementor-widget elementor-widget-image\" data-id=\"77dee20c\" data-element_type=\"widget\" data-widget_type=\"image.default\">\n\t\t\t\t<div class=\"elementor-widget-container\">\n\t\t\t\t\t\t\t\t\t\t\t\t\t\t\t<img fetchpriority=\"high\" decoding=\"async\" width=\"261\" height=\"347\" src=\"https:\/\/jf-carvoeira.pt\/pt\/wp-content\/uploads\/2021\/10\/estandarte-junta.gif\" class=\"attachment-full size-full wp-image-516\" alt=\"\" \/>\t\t\t\t\t\t\t\t\t\t\t\t\t\t\t<\/div>\n\t\t\t\t<\/div>\n\t\t\t\t\t<\/div>\n\t\t<\/div>\n\t\t\t\t<div class=\"elementor-column elementor-col-50 elementor-top-column elementor-element elementor-element-9a45ef2\" data-id=\"9a45ef2\" data-element_type=\"column\">\n\t\t\t<div class=\"elementor-widget-wrap elementor-element-populated\">\n\t\t\t\t\t\t<div class=\"elementor-element elementor-element-2d8634d4 elementor-widget elementor-widget-text-editor\" data-id=\"2d8634d4\" data-element_type=\"widget\" data-widget_type=\"text-editor.default\">\n\t\t\t\t<div class=\"elementor-widget-container\">\n\t\t\t\t\t\t\t\t\t<p>JUNTA DE FREGUESIA<\/p>\t\t\t\t\t\t\t\t<\/div>\n\t\t\t\t<\/div>\n\t\t\t\t<div class=\"elementor-element elementor-element-136f53b elementor-widget elementor-widget-heading\" data-id=\"136f53b\" data-element_type=\"widget\" data-widget_type=\"heading.default\">\n\t\t\t\t<div class=\"elementor-widget-container\">\n\t\t\t\t\t<h4 class=\"elementor-heading-title elementor-size-default\">Compet\u00eancias<\/h4>\t\t\t\t<\/div>\n\t\t\t\t<\/div>\n\t\t\t\t<div class=\"elementor-element elementor-element-2a8fd9d4 elementor-widget elementor-widget-text-editor\" data-id=\"2a8fd9d4\" data-element_type=\"widget\" data-widget_type=\"text-editor.default\">\n\t\t\t\t<div class=\"elementor-widget-container\">\n\t\t\t\t\t\t\t\t\t<div class=\"elementor-element elementor-element-93dc9dc elementor-view-default elementor-vertical-align-top elementor-widget elementor-widget-icon-box\" data-id=\"93dc9dc\" data-element_type=\"widget\" data-widget_type=\"icon-box.default\"><div class=\"elementor-widget-container\"><div class=\"elementor-icon-box-wrapper\"><div class=\"elementor-icon-box-content\"><div class=\"elementor-element elementor-element-74096e3d elementor-view-default elementor-vertical-align-top elementor-widget elementor-widget-icon-box\" data-id=\"74096e3d\" data-element_type=\"widget\" data-widget_type=\"icon-box.default\"><div class=\"elementor-widget-container\"><div class=\"elementor-icon-box-wrapper\"><div class=\"elementor-icon-box-content\"><div class=\"elementor-element elementor-element-74096e3d elementor-view-default elementor-vertical-align-top elementor-widget elementor-widget-icon-box\" data-id=\"74096e3d\" data-element_type=\"widget\" data-widget_type=\"icon-box.default\"><div class=\"elementor-widget-container\"><div class=\"elementor-icon-box-wrapper\"><div class=\"elementor-icon-box-content\"><p class=\"elementor-icon-box-description\" style=\"text-align: left;\">As compet\u00eancias da Junta de Freguesia est\u00e3o definidas no Artigo 16.\u00ba da Lei n.\u00ba 75\/2013, de 12 de Setembro, que estabelece o regime jur\u00eddico das autarquias locais. Consulte abaixo as compet\u00eancias da Junta de Freguesia.<\/p><\/div><\/div><\/div><\/div><div class=\"elementor-element elementor-element-63a7522 elementor-widget elementor-widget-text-editor\" data-id=\"63a7522\" data-element_type=\"widget\" data-widget_type=\"text-editor.default\"><div class=\"elementor-widget-container\"><div class=\"elementor-text-editor elementor-clearfix\"><div style=\"text-align: left;\"><strong>Regime Jur\u00eddico das Autarquias Locais<\/strong><\/div><div style=\"text-align: left;\">Lei n.\u00ba 75\/2013 \u2013 Compet\u00eancias da Junta de Freguesia<\/div><div>\u00a0<\/div><\/div><\/div><\/div><\/div><\/div><\/div><\/div><\/div><\/div><\/div><\/div>\t\t\t\t\t\t\t\t<\/div>\n\t\t\t\t<\/div>\n\t\t\t\t<div class=\"elementor-element elementor-element-3ed86f28 elementor-align-center elementor-widget elementor-widget-button\" data-id=\"3ed86f28\" data-element_type=\"widget\" data-widget_type=\"button.default\">\n\t\t\t\t<div class=\"elementor-widget-container\">\n\t\t\t\t\t\t\t\t\t<div class=\"elementor-button-wrapper\">\n\t\t\t\t\t<a class=\"elementor-button elementor-button-link elementor-size-sm\" href=\"https:\/\/jf-carvoeira.pt\/pt\/apoio\/Lei-n.\u00ba-752013.pdf\">\n\t\t\t\t\t\t<span class=\"elementor-button-content-wrapper\">\n\t\t\t\t\t\t<span class=\"elementor-button-icon\">\n\t\t\t\t<i aria-hidden=\"true\" class=\"fas fa-play-circle\"><\/i>\t\t\t<\/span>\n\t\t\t\t\t\t\t\t\t<span class=\"elementor-button-text\">CONSULTAR<\/span>\n\t\t\t\t\t<\/span>\n\t\t\t\t\t<\/a>\n\t\t\t\t<\/div>\n\t\t\t\t\t\t\t\t<\/div>\n\t\t\t\t<\/div>\n\t\t\t\t\t<\/div>\n\t\t<\/div>\n\t\t\t\t\t<\/div>\n\t\t<\/section>\n\t\t\t\t<\/div>\n\t\t","protected":false},"excerpt":{"rendered":"<p>JUNTA DE FREGUESIA Compet\u00eancias As compet\u00eancias da Junta de Freguesia est\u00e3o definidas no Artigo 16.\u00ba da Lei n.\u00ba 75\/2013, de 12 de Setembro, que estabelece o regime jur\u00eddico das autarquias locais. Consulte abaixo as compet\u00eancias da Junta de Freguesia. Regime Jur\u00eddico das Autarquias LocaisLei n.\u00ba 75\/2013 \u2013 Compet\u00eancias da Junta de Freguesia\u00a0 CONSULTAR<\/p>\n","protected":false},"author":1,"featured_media":0,"parent":0,"menu_order":0,"comment_status":"closed","ping_status":"closed","template":"elementor_header_footer","meta":{"_acf_changed":false,"footnotes":""},"class_list":["post-531","page","type-page","status-publish","hentry"],"aioseo_notices":[],"acf":[],"_links":{"self":[{"href":"https:\/\/jf-carvoeira.pt\/pt\/wp-json\/wp\/v2\/pages\/531","targetHints":{"allow":["GET"]}}],"collection":[{"href":"https:\/\/jf-carvoeira.pt\/pt\/wp-json\/wp\/v2\/pages"}],"about":[{"href":"https:\/\/jf-carvoeira.pt\/pt\/wp-json\/wp\/v2\/types\/page"}],"author":[{"embeddable":true,"href":"https:\/\/jf-carvoeira.pt\/pt\/wp-json\/wp\/v2\/users\/1"}],"replies":[{"embeddable":true,"href":"https:\/\/jf-carvoeira.pt\/pt\/wp-json\/wp\/v2\/comments?post=531"}],"version-history":[{"count":8,"href":"https:\/\/jf-carvoeira.pt\/pt\/wp-json\/wp\/v2\/pages\/531\/revisions"}],"predecessor-version":[{"id":979,"href":"https:\/\/jf-carvoeira.pt\/pt\/wp-json\/wp\/v2\/pages\/531\/revisions\/979"}],"wp:attachment":[{"href":"https:\/\/jf-carvoeira.pt\/pt\/wp-json\/wp\/v2\/media?parent=531"}],"curies":[{"name":"wp","href":"https:\/\/api.w.org\/{rel}","templated":true}]}}