{"id":703,"date":"2021-10-19T23:08:20","date_gmt":"2021-10-19T23:08:20","guid":{"rendered":"https:\/\/jf-carvoeira.pt\/pt\/?page_id=703"},"modified":"2022-11-16T12:34:58","modified_gmt":"2022-11-16T12:34:58","slug":"assembleia-de-freguesia","status":"publish","type":"page","link":"https:\/\/jf-carvoeira.pt\/pt\/assembleia-de-freguesia\/","title":{"rendered":"Assembleia de Freguesia"},"content":{"rendered":"\t\t<div data-elementor-type=\"wp-page\" data-elementor-id=\"703\" class=\"elementor elementor-703\">\n\t\t\t\t\t\t<section class=\"elementor-section elementor-top-section elementor-element elementor-element-11139948 elementor-section-boxed elementor-section-height-default elementor-section-height-default\" data-id=\"11139948\" data-element_type=\"section\">\n\t\t\t\t\t\t<div class=\"elementor-container elementor-column-gap-default\">\n\t\t\t\t\t<div class=\"elementor-column elementor-col-33 elementor-top-column elementor-element elementor-element-614b3b\" data-id=\"614b3b\" data-element_type=\"column\">\n\t\t\t<div class=\"elementor-widget-wrap elementor-element-populated\">\n\t\t\t\t\t\t<div class=\"elementor-element elementor-element-ed3c374 elementor-widget elementor-widget-image\" data-id=\"ed3c374\" data-element_type=\"widget\" data-widget_type=\"image.default\">\n\t\t\t\t<div class=\"elementor-widget-container\">\n\t\t\t\t\t\t\t\t\t\t\t\t\t\t\t<img fetchpriority=\"high\" decoding=\"async\" width=\"300\" height=\"300\" src=\"https:\/\/jf-carvoeira.pt\/pt\/wp-content\/uploads\/2021\/10\/antonio-machado-300x300.png\" class=\"attachment-medium size-medium wp-image-710\" alt=\"\" srcset=\"https:\/\/jf-carvoeira.pt\/pt\/wp-content\/uploads\/2021\/10\/antonio-machado-300x300.png 300w, https:\/\/jf-carvoeira.pt\/pt\/wp-content\/uploads\/2021\/10\/antonio-machado-150x150.png 150w, https:\/\/jf-carvoeira.pt\/pt\/wp-content\/uploads\/2021\/10\/antonio-machado.png 600w\" sizes=\"(max-width: 300px) 100vw, 300px\" \/>\t\t\t\t\t\t\t\t\t\t\t\t\t\t\t<\/div>\n\t\t\t\t<\/div>\n\t\t\t\t<div class=\"elementor-element elementor-element-5184c020 elementor-widget elementor-widget-heading\" data-id=\"5184c020\" data-element_type=\"widget\" data-widget_type=\"heading.default\">\n\t\t\t\t<div class=\"elementor-widget-container\">\n\t\t\t\t\t<h2 class=\"elementor-heading-title elementor-size-default\">Ant\u00f3nio Machado<\/h2>\t\t\t\t<\/div>\n\t\t\t\t<\/div>\n\t\t\t\t<div class=\"elementor-element elementor-element-5028d0ce elementor-widget elementor-widget-text-editor\" data-id=\"5028d0ce\" data-element_type=\"widget\" data-widget_type=\"text-editor.default\">\n\t\t\t\t<div class=\"elementor-widget-container\">\n\t\t\t\t\t\t\t\t\t<p><strong>PRESIDENTE DA ASSEMBLEIA<\/strong><\/p><p>Partido Social Democrata (PSD)<\/p>\t\t\t\t\t\t\t\t<\/div>\n\t\t\t\t<\/div>\n\t\t\t\t<div class=\"elementor-element elementor-element-489f4bcd elementor-widget-divider--view-line elementor-widget elementor-widget-divider\" data-id=\"489f4bcd\" data-element_type=\"widget\" data-widget_type=\"divider.default\">\n\t\t\t\t<div class=\"elementor-widget-container\">\n\t\t\t\t\t\t\t<div class=\"elementor-divider\">\n\t\t\t<span class=\"elementor-divider-separator\">\n\t\t\t\t\t\t<\/span>\n\t\t<\/div>\n\t\t\t\t\t\t<\/div>\n\t\t\t\t<\/div>\n\t\t\t\t\t<\/div>\n\t\t<\/div>\n\t\t\t\t<div class=\"elementor-column elementor-col-33 elementor-top-column elementor-element elementor-element-28248ad3\" data-id=\"28248ad3\" data-element_type=\"column\">\n\t\t\t<div class=\"elementor-widget-wrap elementor-element-populated\">\n\t\t\t\t\t\t<div class=\"elementor-element elementor-element-66c79c3 elementor-widget elementor-widget-image\" data-id=\"66c79c3\" data-element_type=\"widget\" data-widget_type=\"image.default\">\n\t\t\t\t<div class=\"elementor-widget-container\">\n\t\t\t\t\t\t\t\t\t\t\t\t\t\t\t<img decoding=\"async\" width=\"300\" height=\"300\" src=\"https:\/\/jf-carvoeira.pt\/pt\/wp-content\/uploads\/2021\/10\/margarida-manso-300x300.png\" class=\"attachment-medium size-medium wp-image-716\" alt=\"\" srcset=\"https:\/\/jf-carvoeira.pt\/pt\/wp-content\/uploads\/2021\/10\/margarida-manso-300x300.png 300w, https:\/\/jf-carvoeira.pt\/pt\/wp-content\/uploads\/2021\/10\/margarida-manso-150x150.png 150w, https:\/\/jf-carvoeira.pt\/pt\/wp-content\/uploads\/2021\/10\/margarida-manso.png 600w\" sizes=\"(max-width: 300px) 100vw, 300px\" \/>\t\t\t\t\t\t\t\t\t\t\t\t\t\t\t<\/div>\n\t\t\t\t<\/div>\n\t\t\t\t<div class=\"elementor-element elementor-element-64e5151e elementor-widget elementor-widget-heading\" data-id=\"64e5151e\" data-element_type=\"widget\" data-widget_type=\"heading.default\">\n\t\t\t\t<div class=\"elementor-widget-container\">\n\t\t\t\t\t<h2 class=\"elementor-heading-title elementor-size-default\">Margarida Manso<\/h2>\t\t\t\t<\/div>\n\t\t\t\t<\/div>\n\t\t\t\t<div class=\"elementor-element elementor-element-498a48e2 elementor-widget elementor-widget-text-editor\" data-id=\"498a48e2\" data-element_type=\"widget\" data-widget_type=\"text-editor.default\">\n\t\t\t\t<div class=\"elementor-widget-container\">\n\t\t\t\t\t\t\t\t\t<p><strong>1\u00aa SECRET\u00c1RIA<\/strong><\/p><p>Partido Social Democrata (PSD)<\/p>\t\t\t\t\t\t\t\t<\/div>\n\t\t\t\t<\/div>\n\t\t\t\t<div class=\"elementor-element elementor-element-dda0c8c elementor-widget-divider--view-line elementor-widget elementor-widget-divider\" data-id=\"dda0c8c\" data-element_type=\"widget\" data-widget_type=\"divider.default\">\n\t\t\t\t<div class=\"elementor-widget-container\">\n\t\t\t\t\t\t\t<div class=\"elementor-divider\">\n\t\t\t<span class=\"elementor-divider-separator\">\n\t\t\t\t\t\t<\/span>\n\t\t<\/div>\n\t\t\t\t\t\t<\/div>\n\t\t\t\t<\/div>\n\t\t\t\t\t<\/div>\n\t\t<\/div>\n\t\t\t\t<div class=\"elementor-column elementor-col-33 elementor-top-column elementor-element elementor-element-40433579\" data-id=\"40433579\" data-element_type=\"column\">\n\t\t\t<div class=\"elementor-widget-wrap elementor-element-populated\">\n\t\t\t\t\t\t<div class=\"elementor-element elementor-element-619c4c3 elementor-widget elementor-widget-image\" data-id=\"619c4c3\" data-element_type=\"widget\" data-widget_type=\"image.default\">\n\t\t\t\t<div class=\"elementor-widget-container\">\n\t\t\t\t\t\t\t\t\t\t\t\t\t\t\t<img decoding=\"async\" width=\"300\" height=\"300\" src=\"https:\/\/jf-carvoeira.pt\/pt\/wp-content\/uploads\/2021\/10\/elisabete-ferreira-300x300.png\" class=\"attachment-medium size-medium wp-image-714\" alt=\"\" srcset=\"https:\/\/jf-carvoeira.pt\/pt\/wp-content\/uploads\/2021\/10\/elisabete-ferreira-300x300.png 300w, https:\/\/jf-carvoeira.pt\/pt\/wp-content\/uploads\/2021\/10\/elisabete-ferreira-150x150.png 150w, https:\/\/jf-carvoeira.pt\/pt\/wp-content\/uploads\/2021\/10\/elisabete-ferreira.png 600w\" sizes=\"(max-width: 300px) 100vw, 300px\" \/>\t\t\t\t\t\t\t\t\t\t\t\t\t\t\t<\/div>\n\t\t\t\t<\/div>\n\t\t\t\t<div class=\"elementor-element elementor-element-13feb9d9 elementor-widget elementor-widget-heading\" data-id=\"13feb9d9\" data-element_type=\"widget\" data-widget_type=\"heading.default\">\n\t\t\t\t<div class=\"elementor-widget-container\">\n\t\t\t\t\t<h2 class=\"elementor-heading-title elementor-size-default\">Elisabete Ferreira<\/h2>\t\t\t\t<\/div>\n\t\t\t\t<\/div>\n\t\t\t\t<div class=\"elementor-element elementor-element-4328a267 elementor-widget elementor-widget-text-editor\" data-id=\"4328a267\" data-element_type=\"widget\" data-widget_type=\"text-editor.default\">\n\t\t\t\t<div class=\"elementor-widget-container\">\n\t\t\t\t\t\t\t\t\t<p><strong>2\u00aa SECRET\u00c1RIA<\/strong><\/p><p>Partido Social Democrata (PSD)<\/p>\t\t\t\t\t\t\t\t<\/div>\n\t\t\t\t<\/div>\n\t\t\t\t<div class=\"elementor-element elementor-element-4ed50edf elementor-widget-divider--view-line elementor-widget elementor-widget-divider\" data-id=\"4ed50edf\" data-element_type=\"widget\" data-widget_type=\"divider.default\">\n\t\t\t\t<div class=\"elementor-widget-container\">\n\t\t\t\t\t\t\t<div class=\"elementor-divider\">\n\t\t\t<span class=\"elementor-divider-separator\">\n\t\t\t\t\t\t<\/span>\n\t\t<\/div>\n\t\t\t\t\t\t<\/div>\n\t\t\t\t<\/div>\n\t\t\t\t\t<\/div>\n\t\t<\/div>\n\t\t\t\t\t<\/div>\n\t\t<\/section>\n\t\t\t\t<section class=\"elementor-section elementor-top-section elementor-element elementor-element-1798536 elementor-section-boxed elementor-section-height-default elementor-section-height-default\" data-id=\"1798536\" data-element_type=\"section\">\n\t\t\t\t\t\t<div class=\"elementor-container elementor-column-gap-default\">\n\t\t\t\t\t<div class=\"elementor-column elementor-col-33 elementor-top-column elementor-element elementor-element-fc13270\" data-id=\"fc13270\" data-element_type=\"column\">\n\t\t\t<div class=\"elementor-widget-wrap elementor-element-populated\">\n\t\t\t\t\t\t<div class=\"elementor-element elementor-element-14869ec elementor-widget elementor-widget-image\" data-id=\"14869ec\" data-element_type=\"widget\" data-widget_type=\"image.default\">\n\t\t\t\t<div class=\"elementor-widget-container\">\n\t\t\t\t\t\t\t\t\t\t\t\t\t\t\t<img loading=\"lazy\" decoding=\"async\" width=\"300\" height=\"300\" src=\"https:\/\/jf-carvoeira.pt\/pt\/wp-content\/uploads\/2021\/10\/nuno-quintino-300x300.png\" class=\"attachment-medium size-medium wp-image-717\" alt=\"\" srcset=\"https:\/\/jf-carvoeira.pt\/pt\/wp-content\/uploads\/2021\/10\/nuno-quintino-300x300.png 300w, https:\/\/jf-carvoeira.pt\/pt\/wp-content\/uploads\/2021\/10\/nuno-quintino-150x150.png 150w, https:\/\/jf-carvoeira.pt\/pt\/wp-content\/uploads\/2021\/10\/nuno-quintino.png 600w\" sizes=\"(max-width: 300px) 100vw, 300px\" \/>\t\t\t\t\t\t\t\t\t\t\t\t\t\t\t<\/div>\n\t\t\t\t<\/div>\n\t\t\t\t<div class=\"elementor-element elementor-element-49610b4 elementor-widget elementor-widget-heading\" data-id=\"49610b4\" data-element_type=\"widget\" data-widget_type=\"heading.default\">\n\t\t\t\t<div class=\"elementor-widget-container\">\n\t\t\t\t\t<h2 class=\"elementor-heading-title elementor-size-default\">Nuno Quintino<\/h2>\t\t\t\t<\/div>\n\t\t\t\t<\/div>\n\t\t\t\t<div class=\"elementor-element elementor-element-e1641aa elementor-widget elementor-widget-text-editor\" data-id=\"e1641aa\" data-element_type=\"widget\" data-widget_type=\"text-editor.default\">\n\t\t\t\t<div class=\"elementor-widget-container\">\n\t\t\t\t\t\t\t\t\t<p><strong>VOGAL<\/strong><\/p><p>Partido Social Democrata (PSD)<\/p>\t\t\t\t\t\t\t\t<\/div>\n\t\t\t\t<\/div>\n\t\t\t\t<div class=\"elementor-element elementor-element-42fa95d elementor-widget-divider--view-line elementor-widget elementor-widget-divider\" data-id=\"42fa95d\" data-element_type=\"widget\" data-widget_type=\"divider.default\">\n\t\t\t\t<div class=\"elementor-widget-container\">\n\t\t\t\t\t\t\t<div class=\"elementor-divider\">\n\t\t\t<span class=\"elementor-divider-separator\">\n\t\t\t\t\t\t<\/span>\n\t\t<\/div>\n\t\t\t\t\t\t<\/div>\n\t\t\t\t<\/div>\n\t\t\t\t\t<\/div>\n\t\t<\/div>\n\t\t\t\t<div class=\"elementor-column elementor-col-33 elementor-top-column elementor-element elementor-element-c8ab98d\" data-id=\"c8ab98d\" data-element_type=\"column\">\n\t\t\t<div class=\"elementor-widget-wrap elementor-element-populated\">\n\t\t\t\t\t\t<div class=\"elementor-element elementor-element-7f2aa52 elementor-widget elementor-widget-image\" data-id=\"7f2aa52\" data-element_type=\"widget\" data-widget_type=\"image.default\">\n\t\t\t\t<div class=\"elementor-widget-container\">\n\t\t\t\t\t\t\t\t\t\t\t\t\t\t\t<img loading=\"lazy\" decoding=\"async\" width=\"300\" height=\"300\" src=\"https:\/\/jf-carvoeira.pt\/pt\/wp-content\/uploads\/2021\/10\/francisco-martins-300x300.png\" class=\"attachment-medium size-medium wp-image-718\" alt=\"\" srcset=\"https:\/\/jf-carvoeira.pt\/pt\/wp-content\/uploads\/2021\/10\/francisco-martins-300x300.png 300w, https:\/\/jf-carvoeira.pt\/pt\/wp-content\/uploads\/2021\/10\/francisco-martins-150x150.png 150w, https:\/\/jf-carvoeira.pt\/pt\/wp-content\/uploads\/2021\/10\/francisco-martins.png 600w\" sizes=\"(max-width: 300px) 100vw, 300px\" \/>\t\t\t\t\t\t\t\t\t\t\t\t\t\t\t<\/div>\n\t\t\t\t<\/div>\n\t\t\t\t<div class=\"elementor-element elementor-element-1388ab3 elementor-widget elementor-widget-heading\" data-id=\"1388ab3\" data-element_type=\"widget\" data-widget_type=\"heading.default\">\n\t\t\t\t<div class=\"elementor-widget-container\">\n\t\t\t\t\t<h2 class=\"elementor-heading-title elementor-size-default\">Francisco Martins<\/h2>\t\t\t\t<\/div>\n\t\t\t\t<\/div>\n\t\t\t\t<div class=\"elementor-element elementor-element-edb9726 elementor-widget elementor-widget-text-editor\" data-id=\"edb9726\" data-element_type=\"widget\" data-widget_type=\"text-editor.default\">\n\t\t\t\t<div class=\"elementor-widget-container\">\n\t\t\t\t\t\t\t\t\t<p><strong>VOGAL<\/strong><\/p><p>Partido Social Democrata (PSD)<\/p>\t\t\t\t\t\t\t\t<\/div>\n\t\t\t\t<\/div>\n\t\t\t\t<div class=\"elementor-element elementor-element-daa4184 elementor-widget-divider--view-line elementor-widget elementor-widget-divider\" data-id=\"daa4184\" data-element_type=\"widget\" data-widget_type=\"divider.default\">\n\t\t\t\t<div class=\"elementor-widget-container\">\n\t\t\t\t\t\t\t<div class=\"elementor-divider\">\n\t\t\t<span class=\"elementor-divider-separator\">\n\t\t\t\t\t\t<\/span>\n\t\t<\/div>\n\t\t\t\t\t\t<\/div>\n\t\t\t\t<\/div>\n\t\t\t\t\t<\/div>\n\t\t<\/div>\n\t\t\t\t<div class=\"elementor-column elementor-col-33 elementor-top-column elementor-element elementor-element-e88dc7b\" data-id=\"e88dc7b\" data-element_type=\"column\">\n\t\t\t<div class=\"elementor-widget-wrap elementor-element-populated\">\n\t\t\t\t\t\t<div class=\"elementor-element elementor-element-c9540a5 elementor-widget elementor-widget-image\" data-id=\"c9540a5\" data-element_type=\"widget\" data-widget_type=\"image.default\">\n\t\t\t\t<div class=\"elementor-widget-container\">\n\t\t\t\t\t\t\t\t\t\t\t\t\t\t\t<img loading=\"lazy\" decoding=\"async\" width=\"300\" height=\"300\" src=\"https:\/\/jf-carvoeira.pt\/pt\/wp-content\/uploads\/2021\/10\/irene-machado-300x300.png\" class=\"attachment-medium size-medium wp-image-719\" alt=\"\" srcset=\"https:\/\/jf-carvoeira.pt\/pt\/wp-content\/uploads\/2021\/10\/irene-machado-300x300.png 300w, https:\/\/jf-carvoeira.pt\/pt\/wp-content\/uploads\/2021\/10\/irene-machado-150x150.png 150w, https:\/\/jf-carvoeira.pt\/pt\/wp-content\/uploads\/2021\/10\/irene-machado.png 600w\" sizes=\"(max-width: 300px) 100vw, 300px\" \/>\t\t\t\t\t\t\t\t\t\t\t\t\t\t\t<\/div>\n\t\t\t\t<\/div>\n\t\t\t\t<div class=\"elementor-element elementor-element-3760400 elementor-widget elementor-widget-heading\" data-id=\"3760400\" data-element_type=\"widget\" data-widget_type=\"heading.default\">\n\t\t\t\t<div class=\"elementor-widget-container\">\n\t\t\t\t\t<h2 class=\"elementor-heading-title elementor-size-default\">Irene Machado<\/h2>\t\t\t\t<\/div>\n\t\t\t\t<\/div>\n\t\t\t\t<div class=\"elementor-element elementor-element-537a431 elementor-widget elementor-widget-text-editor\" data-id=\"537a431\" data-element_type=\"widget\" data-widget_type=\"text-editor.default\">\n\t\t\t\t<div class=\"elementor-widget-container\">\n\t\t\t\t\t\t\t\t\t<p><strong>VOGAL<\/strong><\/p><p>Partido Social Democrata (PSD)<\/p>\t\t\t\t\t\t\t\t<\/div>\n\t\t\t\t<\/div>\n\t\t\t\t<div class=\"elementor-element elementor-element-5d08167 elementor-widget-divider--view-line elementor-widget elementor-widget-divider\" data-id=\"5d08167\" data-element_type=\"widget\" data-widget_type=\"divider.default\">\n\t\t\t\t<div class=\"elementor-widget-container\">\n\t\t\t\t\t\t\t<div class=\"elementor-divider\">\n\t\t\t<span class=\"elementor-divider-separator\">\n\t\t\t\t\t\t<\/span>\n\t\t<\/div>\n\t\t\t\t\t\t<\/div>\n\t\t\t\t<\/div>\n\t\t\t\t\t<\/div>\n\t\t<\/div>\n\t\t\t\t\t<\/div>\n\t\t<\/section>\n\t\t\t\t<section class=\"elementor-section elementor-top-section elementor-element elementor-element-5107b3f elementor-section-boxed elementor-section-height-default elementor-section-height-default\" data-id=\"5107b3f\" data-element_type=\"section\">\n\t\t\t\t\t\t<div class=\"elementor-container elementor-column-gap-default\">\n\t\t\t\t\t<div class=\"elementor-column elementor-col-33 elementor-top-column elementor-element elementor-element-01221f4\" data-id=\"01221f4\" data-element_type=\"column\">\n\t\t\t<div class=\"elementor-widget-wrap elementor-element-populated\">\n\t\t\t\t\t\t<div class=\"elementor-element elementor-element-247862e elementor-widget elementor-widget-heading\" data-id=\"247862e\" data-element_type=\"widget\" data-widget_type=\"heading.default\">\n\t\t\t\t<div class=\"elementor-widget-container\">\n\t\t\t\t\t<h2 class=\"elementor-heading-title elementor-size-default\">Susana Gomes<\/h2>\t\t\t\t<\/div>\n\t\t\t\t<\/div>\n\t\t\t\t<div class=\"elementor-element elementor-element-de3ab7f elementor-widget elementor-widget-text-editor\" data-id=\"de3ab7f\" data-element_type=\"widget\" data-widget_type=\"text-editor.default\">\n\t\t\t\t<div class=\"elementor-widget-container\">\n\t\t\t\t\t\t\t\t\t<p><strong>VOGAL<\/strong><\/p><p>Partido Socialista (PS)<\/p>\t\t\t\t\t\t\t\t<\/div>\n\t\t\t\t<\/div>\n\t\t\t\t<div class=\"elementor-element elementor-element-c94a826 elementor-widget-divider--view-line elementor-widget elementor-widget-divider\" data-id=\"c94a826\" data-element_type=\"widget\" data-widget_type=\"divider.default\">\n\t\t\t\t<div class=\"elementor-widget-container\">\n\t\t\t\t\t\t\t<div class=\"elementor-divider\">\n\t\t\t<span class=\"elementor-divider-separator\">\n\t\t\t\t\t\t<\/span>\n\t\t<\/div>\n\t\t\t\t\t\t<\/div>\n\t\t\t\t<\/div>\n\t\t\t\t\t<\/div>\n\t\t<\/div>\n\t\t\t\t<div class=\"elementor-column elementor-col-33 elementor-top-column elementor-element elementor-element-25921a6\" data-id=\"25921a6\" data-element_type=\"column\">\n\t\t\t<div class=\"elementor-widget-wrap elementor-element-populated\">\n\t\t\t\t\t\t<div class=\"elementor-element elementor-element-a9e63a8 elementor-widget elementor-widget-heading\" data-id=\"a9e63a8\" data-element_type=\"widget\" data-widget_type=\"heading.default\">\n\t\t\t\t<div class=\"elementor-widget-container\">\n\t\t\t\t\t<h2 class=\"elementor-heading-title elementor-size-default\">Lu\u00eds Santos<\/h2>\t\t\t\t<\/div>\n\t\t\t\t<\/div>\n\t\t\t\t<div class=\"elementor-element elementor-element-ecb92ec elementor-widget elementor-widget-text-editor\" data-id=\"ecb92ec\" data-element_type=\"widget\" data-widget_type=\"text-editor.default\">\n\t\t\t\t<div class=\"elementor-widget-container\">\n\t\t\t\t\t\t\t\t\t<p><strong>VOGAL<\/strong><\/p><p>Partido Socialista (PS)<\/p>\t\t\t\t\t\t\t\t<\/div>\n\t\t\t\t<\/div>\n\t\t\t\t<div class=\"elementor-element elementor-element-45c5f80 elementor-widget-divider--view-line elementor-widget elementor-widget-divider\" data-id=\"45c5f80\" data-element_type=\"widget\" data-widget_type=\"divider.default\">\n\t\t\t\t<div class=\"elementor-widget-container\">\n\t\t\t\t\t\t\t<div class=\"elementor-divider\">\n\t\t\t<span class=\"elementor-divider-separator\">\n\t\t\t\t\t\t<\/span>\n\t\t<\/div>\n\t\t\t\t\t\t<\/div>\n\t\t\t\t<\/div>\n\t\t\t\t\t<\/div>\n\t\t<\/div>\n\t\t\t\t<div class=\"elementor-column elementor-col-33 elementor-top-column elementor-element elementor-element-9d4fe06\" data-id=\"9d4fe06\" data-element_type=\"column\">\n\t\t\t<div class=\"elementor-widget-wrap elementor-element-populated\">\n\t\t\t\t\t\t<div class=\"elementor-element elementor-element-d00ae61 elementor-widget elementor-widget-heading\" data-id=\"d00ae61\" data-element_type=\"widget\" data-widget_type=\"heading.default\">\n\t\t\t\t<div class=\"elementor-widget-container\">\n\t\t\t\t\t<h2 class=\"elementor-heading-title elementor-size-default\">Jos\u00e9 Bicho<\/h2>\t\t\t\t<\/div>\n\t\t\t\t<\/div>\n\t\t\t\t<div class=\"elementor-element elementor-element-abeb77c elementor-widget elementor-widget-text-editor\" data-id=\"abeb77c\" data-element_type=\"widget\" data-widget_type=\"text-editor.default\">\n\t\t\t\t<div class=\"elementor-widget-container\">\n\t\t\t\t\t\t\t\t\t<p><strong>VOGAL<\/strong><\/p><p>Coliga\u00e7\u00e3o Democr\u00e1tica Unit\u00e1ria (CDU)<\/p>\t\t\t\t\t\t\t\t<\/div>\n\t\t\t\t<\/div>\n\t\t\t\t<div class=\"elementor-element elementor-element-566f465 elementor-widget-divider--view-line elementor-widget elementor-widget-divider\" data-id=\"566f465\" data-element_type=\"widget\" data-widget_type=\"divider.default\">\n\t\t\t\t<div class=\"elementor-widget-container\">\n\t\t\t\t\t\t\t<div class=\"elementor-divider\">\n\t\t\t<span class=\"elementor-divider-separator\">\n\t\t\t\t\t\t<\/span>\n\t\t<\/div>\n\t\t\t\t\t\t<\/div>\n\t\t\t\t<\/div>\n\t\t\t\t\t<\/div>\n\t\t<\/div>\n\t\t\t\t\t<\/div>\n\t\t<\/section>\n\t\t\t\t<\/div>\n\t\t","protected":false},"excerpt":{"rendered":"<p>Ant\u00f3nio Machado PRESIDENTE DA ASSEMBLEIA Partido Social Democrata (PSD) Margarida Manso 1\u00aa SECRET\u00c1RIA Partido Social Democrata (PSD) Elisabete Ferreira 2\u00aa SECRET\u00c1RIA Partido Social Democrata (PSD) Nuno Quintino VOGAL Partido Social Democrata (PSD) Francisco Martins VOGAL Partido Social Democrata (PSD) Irene Machado VOGAL Partido Social Democrata (PSD) Susana Gomes VOGAL Partido Socialista (PS) Lu\u00eds Santos VOGAL Partido Socialista (PS) Jos\u00e9 Bicho [&hellip;]<\/p>\n","protected":false},"author":1,"featured_media":0,"parent":0,"menu_order":0,"comment_status":"closed","ping_status":"closed","template":"elementor_header_footer","meta":{"_acf_changed":false,"footnotes":""},"class_list":["post-703","page","type-page","status-publish","hentry"],"aioseo_notices":[],"acf":[],"_links":{"self":[{"href":"https:\/\/jf-carvoeira.pt\/pt\/wp-json\/wp\/v2\/pages\/703","targetHints":{"allow":["GET"]}}],"collection":[{"href":"https:\/\/jf-carvoeira.pt\/pt\/wp-json\/wp\/v2\/pages"}],"about":[{"href":"https:\/\/jf-carvoeira.pt\/pt\/wp-json\/wp\/v2\/types\/page"}],"author":[{"embeddable":true,"href":"https:\/\/jf-carvoeira.pt\/pt\/wp-json\/wp\/v2\/users\/1"}],"replies":[{"embeddable":true,"href":"https:\/\/jf-carvoeira.pt\/pt\/wp-json\/wp\/v2\/comments?post=703"}],"version-history":[{"count":20,"href":"https:\/\/jf-carvoeira.pt\/pt\/wp-json\/wp\/v2\/pages\/703\/revisions"}],"predecessor-version":[{"id":2463,"href":"https:\/\/jf-carvoeira.pt\/pt\/wp-json\/wp\/v2\/pages\/703\/revisions\/2463"}],"wp:attachment":[{"href":"https:\/\/jf-carvoeira.pt\/pt\/wp-json\/wp\/v2\/media?parent=703"}],"curies":[{"name":"wp","href":"https:\/\/api.w.org\/{rel}","templated":true}]}}