{"id":2777,"date":"2025-11-25T17:55:51","date_gmt":"2025-11-25T17:55:51","guid":{"rendered":"https:\/\/jf-carvoeira.pt\/web\/?page_id=2777"},"modified":"2025-11-25T18:23:08","modified_gmt":"2025-11-25T18:23:08","slug":"as-aldeias-sao-as-pessoas","status":"publish","type":"page","link":"https:\/\/jf-carvoeira.pt\/web\/as-aldeias-sao-as-pessoas\/","title":{"rendered":"As Aldeias s\u00e3o as Pessoas"},"content":{"rendered":"\t\t<div data-elementor-type=\"wp-page\" data-elementor-id=\"2777\" class=\"elementor elementor-2777\">\n\t\t\t\t<div class=\"elementor-element elementor-element-bd99c8b e-flex e-con-boxed e-con e-parent\" data-id=\"bd99c8b\" data-element_type=\"container\" data-e-type=\"container\">\n\t\t\t\t\t<div class=\"e-con-inner\">\n\t\t<div class=\"elementor-element elementor-element-34543d7 e-con-full e-flex e-con e-child\" data-id=\"34543d7\" data-element_type=\"container\" data-e-type=\"container\">\n\t\t\t\t<div class=\"elementor-element elementor-element-eb32d1d elementor-widget elementor-widget-image\" data-id=\"eb32d1d\" data-element_type=\"widget\" data-e-type=\"widget\" data-widget_type=\"image.default\">\n\t\t\t\t\t\t\t\t\t\t\t\t\t\t\t<img fetchpriority=\"high\" decoding=\"async\" width=\"640\" height=\"237\" src=\"https:\/\/jf-carvoeira.pt\/web\/wp-content\/uploads\/2025\/11\/aldeia_pessoas_logo-1024x379-1.png\" class=\"attachment-large size-large wp-image-2779\" alt=\"As Aldeias s\u00e3o as Pessoas - Carvoeira\" srcset=\"https:\/\/jf-carvoeira.pt\/web\/wp-content\/uploads\/2025\/11\/aldeia_pessoas_logo-1024x379-1.png 1024w, https:\/\/jf-carvoeira.pt\/web\/wp-content\/uploads\/2025\/11\/aldeia_pessoas_logo-1024x379-1-300x111.png 300w, https:\/\/jf-carvoeira.pt\/web\/wp-content\/uploads\/2025\/11\/aldeia_pessoas_logo-1024x379-1-768x284.png 768w\" sizes=\"(max-width: 640px) 100vw, 640px\" \/>\t\t\t\t\t\t\t\t\t\t\t\t\t\t\t<\/div>\n\t\t\t\t<\/div>\n\t\t<div class=\"elementor-element elementor-element-faf22ae e-con-full e-flex e-con e-child\" data-id=\"faf22ae\" data-element_type=\"container\" data-e-type=\"container\">\n\t\t\t\t<div class=\"elementor-element elementor-element-4a811ac elementor-widget elementor-widget-text-editor\" data-id=\"4a811ac\" data-element_type=\"widget\" data-e-type=\"widget\" data-widget_type=\"text-editor.default\">\n\t\t\t\t\t\t\t\t\t<p>A Junta de Freguesia da Carvoeira deu assim in\u00edcio a este projeto que valoriza as pessoas das nossas aldeias, ajudando a criar mem\u00f3rias para perpetuar os seus legados.<\/p>\t\t\t\t\t\t\t\t<\/div>\n\t\t\t\t<\/div>\n\t\t\t\t\t<\/div>\n\t\t\t\t<\/div>\n\t\t<div class=\"elementor-element elementor-element-885dbc8 e-flex e-con-boxed e-con e-parent\" data-id=\"885dbc8\" data-element_type=\"container\" data-e-type=\"container\">\n\t\t\t\t\t<div class=\"e-con-inner\">\n\t\t<div class=\"elementor-element elementor-element-b902e3b e-con-full e-flex e-con e-child\" data-id=\"b902e3b\" data-element_type=\"container\" data-e-type=\"container\">\n\t\t\t\t<div class=\"elementor-element elementor-element-43a14c7 elementor-widget elementor-widget-heading\" data-id=\"43a14c7\" data-element_type=\"widget\" data-e-type=\"widget\" data-widget_type=\"heading.default\">\n\t\t\t\t\t<h2 class=\"elementor-heading-title elementor-size-default\">\"TI ALBERTINA\"<\/h2>\t\t\t\t<\/div>\n\t\t\t\t<div class=\"elementor-element elementor-element-68aecdd elementor-widget elementor-widget-image\" data-id=\"68aecdd\" data-element_type=\"widget\" data-e-type=\"widget\" data-widget_type=\"image.default\">\n\t\t\t\t\t\t\t\t\t\t\t\t\t\t\t\t<a href=\"https:\/\/jf-carvoeira.pt\/web\/ti-albertina\/\">\n\t\t\t\t\t\t\t<img decoding=\"async\" width=\"640\" height=\"454\" src=\"https:\/\/jf-carvoeira.pt\/web\/wp-content\/uploads\/2025\/11\/1-1.png\" class=\"attachment-large size-large wp-image-2780\" alt=\"O Croch\u00e9 da &quot;Ti Albertina&quot;\" srcset=\"https:\/\/jf-carvoeira.pt\/web\/wp-content\/uploads\/2025\/11\/1-1.png 1024w, https:\/\/jf-carvoeira.pt\/web\/wp-content\/uploads\/2025\/11\/1-1-300x213.png 300w, https:\/\/jf-carvoeira.pt\/web\/wp-content\/uploads\/2025\/11\/1-1-768x545.png 768w\" sizes=\"(max-width: 640px) 100vw, 640px\" \/>\t\t\t\t\t\t\t\t<\/a>\n\t\t\t\t\t\t\t\t\t\t\t\t\t\t\t<\/div>\n\t\t\t\t<div class=\"elementor-element elementor-element-a1a971b elementor-widget elementor-widget-text-editor\" data-id=\"a1a971b\" data-element_type=\"widget\" data-e-type=\"widget\" data-widget_type=\"text-editor.default\">\n\t\t\t\t\t\t\t\t\t<p>O croch\u00e9 da &#8220;Ti Albertina&#8221; | 28 Dez, 2023<\/p>\t\t\t\t\t\t\t\t<\/div>\n\t\t\t\t<div class=\"elementor-element elementor-element-de137e8 elementor-align-center elementor-widget elementor-widget-button\" data-id=\"de137e8\" data-element_type=\"widget\" data-e-type=\"widget\" data-widget_type=\"button.default\">\n\t\t\t\t\t\t\t\t\t\t<a class=\"elementor-button elementor-button-link elementor-size-sm\" href=\"https:\/\/jf-carvoeira.pt\/web\/ti-albertina\/\">\n\t\t\t\t\t\t<span class=\"elementor-button-content-wrapper\">\n\t\t\t\t\t\t\t\t\t<span class=\"elementor-button-text\">Ver projecto<\/span>\n\t\t\t\t\t<\/span>\n\t\t\t\t\t<\/a>\n\t\t\t\t\t\t\t\t<\/div>\n\t\t\t\t<\/div>\n\t\t<div class=\"elementor-element elementor-element-09cac87 e-con-full e-flex e-con e-child\" data-id=\"09cac87\" data-element_type=\"container\" data-e-type=\"container\">\n\t\t\t\t<div class=\"elementor-element elementor-element-c8037f8 elementor-widget elementor-widget-heading\" data-id=\"c8037f8\" data-element_type=\"widget\" data-e-type=\"widget\" data-widget_type=\"heading.default\">\n\t\t\t\t\t<h2 class=\"elementor-heading-title elementor-size-default\">\"TI VIT\u00d3RIA\"<\/h2>\t\t\t\t<\/div>\n\t\t\t\t<div class=\"elementor-element elementor-element-f502fa7 elementor-widget elementor-widget-image\" data-id=\"f502fa7\" data-element_type=\"widget\" data-e-type=\"widget\" data-widget_type=\"image.default\">\n\t\t\t\t\t\t\t\t\t\t\t\t\t\t\t<img decoding=\"async\" width=\"640\" height=\"453\" src=\"https:\/\/jf-carvoeira.pt\/web\/wp-content\/uploads\/2025\/11\/2-1.png\" class=\"attachment-large size-large wp-image-2781\" alt=\"As Filh\u00f3s da &quot;Ti Vit\u00f3ria&quot;\" srcset=\"https:\/\/jf-carvoeira.pt\/web\/wp-content\/uploads\/2025\/11\/2-1.png 1024w, https:\/\/jf-carvoeira.pt\/web\/wp-content\/uploads\/2025\/11\/2-1-300x212.png 300w, https:\/\/jf-carvoeira.pt\/web\/wp-content\/uploads\/2025\/11\/2-1-768x543.png 768w\" sizes=\"(max-width: 640px) 100vw, 640px\" \/>\t\t\t\t\t\t\t\t\t\t\t\t\t\t\t<\/div>\n\t\t\t\t<div class=\"elementor-element elementor-element-371a8e4 elementor-widget elementor-widget-text-editor\" data-id=\"371a8e4\" data-element_type=\"widget\" data-e-type=\"widget\" data-widget_type=\"text-editor.default\">\n\t\t\t\t\t\t\t\t\t<p>As filh\u00f3s da &#8220;Ti Vit\u00f3ria&#8221; | 9 Mar, 2024<\/p>\t\t\t\t\t\t\t\t<\/div>\n\t\t\t\t<div class=\"elementor-element elementor-element-9056862 elementor-align-center elementor-widget elementor-widget-button\" data-id=\"9056862\" data-element_type=\"widget\" data-e-type=\"widget\" data-widget_type=\"button.default\">\n\t\t\t\t\t\t\t\t\t\t<a class=\"elementor-button elementor-button-link elementor-size-sm\" href=\"#\">\n\t\t\t\t\t\t<span class=\"elementor-button-content-wrapper\">\n\t\t\t\t\t\t\t\t\t<span class=\"elementor-button-text\">Ver projecto<\/span>\n\t\t\t\t\t<\/span>\n\t\t\t\t\t<\/a>\n\t\t\t\t\t\t\t\t<\/div>\n\t\t\t\t<\/div>\n\t\t<div class=\"elementor-element elementor-element-9a62185 e-con-full e-flex e-con e-child\" data-id=\"9a62185\" data-element_type=\"container\" data-e-type=\"container\">\n\t\t\t\t<div class=\"elementor-element elementor-element-ffbe544 elementor-widget elementor-widget-heading\" data-id=\"ffbe544\" data-element_type=\"widget\" data-e-type=\"widget\" data-widget_type=\"heading.default\">\n\t\t\t\t\t<h2 class=\"elementor-heading-title elementor-size-default\">\"TI JO\u00c3O\"<\/h2>\t\t\t\t<\/div>\n\t\t\t\t<div class=\"elementor-element elementor-element-8b4c189 elementor-widget elementor-widget-image\" data-id=\"8b4c189\" data-element_type=\"widget\" data-e-type=\"widget\" data-widget_type=\"image.default\">\n\t\t\t\t\t\t\t\t\t\t\t\t\t\t\t<img loading=\"lazy\" decoding=\"async\" width=\"640\" height=\"450\" src=\"https:\/\/jf-carvoeira.pt\/web\/wp-content\/uploads\/2025\/11\/3-3.jpg\" class=\"attachment-large size-large wp-image-2782\" alt=\"O Jardim do &quot;Ti Jo\u00e3o&quot;\" srcset=\"https:\/\/jf-carvoeira.pt\/web\/wp-content\/uploads\/2025\/11\/3-3.jpg 987w, https:\/\/jf-carvoeira.pt\/web\/wp-content\/uploads\/2025\/11\/3-3-300x211.jpg 300w, https:\/\/jf-carvoeira.pt\/web\/wp-content\/uploads\/2025\/11\/3-3-768x540.jpg 768w\" sizes=\"(max-width: 640px) 100vw, 640px\" \/>\t\t\t\t\t\t\t\t\t\t\t\t\t\t\t<\/div>\n\t\t\t\t<div class=\"elementor-element elementor-element-7e10c79 elementor-widget elementor-widget-text-editor\" data-id=\"7e10c79\" data-element_type=\"widget\" data-e-type=\"widget\" data-widget_type=\"text-editor.default\">\n\t\t\t\t\t\t\t\t\t<p>O jardim do &#8220;Ti Jo\u00e3o&#8221; | 31 Mai, 2024<\/p>\t\t\t\t\t\t\t\t<\/div>\n\t\t\t\t<div class=\"elementor-element elementor-element-bbfca7e elementor-align-center elementor-widget elementor-widget-button\" data-id=\"bbfca7e\" data-element_type=\"widget\" data-e-type=\"widget\" data-widget_type=\"button.default\">\n\t\t\t\t\t\t\t\t\t\t<a class=\"elementor-button elementor-button-link elementor-size-sm\" href=\"#\">\n\t\t\t\t\t\t<span class=\"elementor-button-content-wrapper\">\n\t\t\t\t\t\t\t\t\t<span class=\"elementor-button-text\">Ver projecto<\/span>\n\t\t\t\t\t<\/span>\n\t\t\t\t\t<\/a>\n\t\t\t\t\t\t\t\t<\/div>\n\t\t\t\t<\/div>\n\t\t\t\t\t<\/div>\n\t\t\t\t<\/div>\n\t\t<div class=\"elementor-element elementor-element-207aba6 e-flex e-con-boxed e-con e-parent\" data-id=\"207aba6\" data-element_type=\"container\" data-e-type=\"container\">\n\t\t\t\t\t<div class=\"e-con-inner\">\n\t\t\t\t<div class=\"elementor-element elementor-element-5998686 elementor-widget-divider--view-line elementor-widget elementor-widget-divider\" data-id=\"5998686\" data-element_type=\"widget\" data-e-type=\"widget\" data-widget_type=\"divider.default\">\n\t\t\t\t\t\t\t<div class=\"elementor-divider\">\n\t\t\t<span class=\"elementor-divider-separator\">\n\t\t\t\t\t\t<\/span>\n\t\t<\/div>\n\t\t\t\t\t\t<\/div>\n\t\t\t\t\t<\/div>\n\t\t\t\t<\/div>\n\t\t<div class=\"elementor-element elementor-element-3d07edb e-flex e-con-boxed e-con e-parent\" data-id=\"3d07edb\" data-element_type=\"container\" data-e-type=\"container\">\n\t\t\t\t\t<div class=\"e-con-inner\">\n\t\t<div class=\"elementor-element elementor-element-d7ca72e e-con-full e-flex e-con e-child\" data-id=\"d7ca72e\" data-element_type=\"container\" data-e-type=\"container\">\n\t\t\t\t<div class=\"elementor-element elementor-element-5316a8e elementor-widget elementor-widget-heading\" data-id=\"5316a8e\" data-element_type=\"widget\" data-e-type=\"widget\" data-widget_type=\"heading.default\">\n\t\t\t\t\t<h2 class=\"elementor-heading-title elementor-size-default\">\"TI Z\u00c9 MANEL\"<\/h2>\t\t\t\t<\/div>\n\t\t\t\t<div class=\"elementor-element elementor-element-17da01f elementor-widget elementor-widget-image\" data-id=\"17da01f\" data-element_type=\"widget\" data-e-type=\"widget\" data-widget_type=\"image.default\">\n\t\t\t\t\t\t\t\t\t\t\t\t\t\t\t<img loading=\"lazy\" decoding=\"async\" width=\"640\" height=\"450\" src=\"https:\/\/jf-carvoeira.pt\/web\/wp-content\/uploads\/2025\/11\/4-2.jpg\" class=\"attachment-large size-large wp-image-2783\" alt=\"A Arte do &quot;Ti Z\u00e9 Manel&quot;\" srcset=\"https:\/\/jf-carvoeira.pt\/web\/wp-content\/uploads\/2025\/11\/4-2.jpg 985w, https:\/\/jf-carvoeira.pt\/web\/wp-content\/uploads\/2025\/11\/4-2-300x211.jpg 300w, https:\/\/jf-carvoeira.pt\/web\/wp-content\/uploads\/2025\/11\/4-2-768x540.jpg 768w\" sizes=\"(max-width: 640px) 100vw, 640px\" \/>\t\t\t\t\t\t\t\t\t\t\t\t\t\t\t<\/div>\n\t\t\t\t<div class=\"elementor-element elementor-element-9de17a3 elementor-widget elementor-widget-text-editor\" data-id=\"9de17a3\" data-element_type=\"widget\" data-e-type=\"widget\" data-widget_type=\"text-editor.default\">\n\t\t\t\t\t\t\t\t\t<p>A arte do &#8220;Ti Z\u00e9 Manel&#8221; | 31 Mai, 2024<\/p>\t\t\t\t\t\t\t\t<\/div>\n\t\t\t\t<div class=\"elementor-element elementor-element-f0d2aec elementor-align-center elementor-widget elementor-widget-button\" data-id=\"f0d2aec\" data-element_type=\"widget\" data-e-type=\"widget\" data-widget_type=\"button.default\">\n\t\t\t\t\t\t\t\t\t\t<a class=\"elementor-button elementor-button-link elementor-size-sm\" href=\"#\">\n\t\t\t\t\t\t<span class=\"elementor-button-content-wrapper\">\n\t\t\t\t\t\t\t\t\t<span class=\"elementor-button-text\">Ver projecto<\/span>\n\t\t\t\t\t<\/span>\n\t\t\t\t\t<\/a>\n\t\t\t\t\t\t\t\t<\/div>\n\t\t\t\t<\/div>\n\t\t<div class=\"elementor-element elementor-element-eb910c5 e-con-full e-flex e-con e-child\" data-id=\"eb910c5\" data-element_type=\"container\" data-e-type=\"container\">\n\t\t\t\t<div class=\"elementor-element elementor-element-4b63c90 elementor-widget elementor-widget-heading\" data-id=\"4b63c90\" data-element_type=\"widget\" data-e-type=\"widget\" data-widget_type=\"heading.default\">\n\t\t\t\t\t<h2 class=\"elementor-heading-title elementor-size-default\">\"TI LOUREN\u00c7O\"<\/h2>\t\t\t\t<\/div>\n\t\t\t\t<div class=\"elementor-element elementor-element-f5398a1 elementor-widget elementor-widget-image\" data-id=\"f5398a1\" data-element_type=\"widget\" data-e-type=\"widget\" data-widget_type=\"image.default\">\n\t\t\t\t\t\t\t\t\t\t\t\t\t\t\t<img loading=\"lazy\" decoding=\"async\" width=\"640\" height=\"453\" src=\"https:\/\/jf-carvoeira.pt\/web\/wp-content\/uploads\/2025\/11\/5-2.jpg\" class=\"attachment-large size-large wp-image-2784\" alt=\"As Conversas do &quot;Ti Louren\u00e7o&quot;\" srcset=\"https:\/\/jf-carvoeira.pt\/web\/wp-content\/uploads\/2025\/11\/5-2.jpg 987w, https:\/\/jf-carvoeira.pt\/web\/wp-content\/uploads\/2025\/11\/5-2-300x212.jpg 300w, https:\/\/jf-carvoeira.pt\/web\/wp-content\/uploads\/2025\/11\/5-2-768x543.jpg 768w\" sizes=\"(max-width: 640px) 100vw, 640px\" \/>\t\t\t\t\t\t\t\t\t\t\t\t\t\t\t<\/div>\n\t\t\t\t<div class=\"elementor-element elementor-element-087f60d elementor-widget elementor-widget-text-editor\" data-id=\"087f60d\" data-element_type=\"widget\" data-e-type=\"widget\" data-widget_type=\"text-editor.default\">\n\t\t\t\t\t\t\t\t\t<p>As conversas do &#8220;Ti Louren\u00e7o&#8221; | 22 Set, 2024<\/p>\t\t\t\t\t\t\t\t<\/div>\n\t\t\t\t<div class=\"elementor-element elementor-element-1c4dba8 elementor-align-center elementor-widget elementor-widget-button\" data-id=\"1c4dba8\" data-element_type=\"widget\" data-e-type=\"widget\" data-widget_type=\"button.default\">\n\t\t\t\t\t\t\t\t\t\t<a class=\"elementor-button elementor-button-link elementor-size-sm\" href=\"#\">\n\t\t\t\t\t\t<span class=\"elementor-button-content-wrapper\">\n\t\t\t\t\t\t\t\t\t<span class=\"elementor-button-text\">Ver projecto<\/span>\n\t\t\t\t\t<\/span>\n\t\t\t\t\t<\/a>\n\t\t\t\t\t\t\t\t<\/div>\n\t\t\t\t<\/div>\n\t\t<div class=\"elementor-element elementor-element-c60f15b e-con-full e-flex e-con e-child\" data-id=\"c60f15b\" data-element_type=\"container\" data-e-type=\"container\">\n\t\t\t\t<\/div>\n\t\t\t\t\t<\/div>\n\t\t\t\t<\/div>\n\t\t<div class=\"elementor-element elementor-element-6e373a9 e-flex e-con-boxed e-con e-parent\" data-id=\"6e373a9\" data-element_type=\"container\" data-e-type=\"container\">\n\t\t\t\t\t<div class=\"e-con-inner\">\n\t\t\t\t\t<\/div>\n\t\t\t\t<\/div>\n\t\t\t\t<\/div>\n\t\t","protected":false},"excerpt":{"rendered":"<p>A Junta de Freguesia da Carvoeira deu assim in\u00edcio a este projeto que valoriza as pessoas das nossas aldeias, ajudando a criar mem\u00f3rias para perpetuar os seus legados. &#8220;TI ALBERTINA&#8221; O croch\u00e9 da &#8220;Ti Albertina&#8221; | 28 Dez, 2023 Ver projecto &#8220;TI VIT\u00d3RIA&#8221; As filh\u00f3s da &#8220;Ti Vit\u00f3ria&#8221; | 9 Mar, 2024 Ver projecto &#8220;TI [&hellip;]<\/p>\n","protected":false},"author":1,"featured_media":0,"parent":0,"menu_order":0,"comment_status":"closed","ping_status":"closed","template":"elementor_canvas","meta":{"footnotes":""},"class_list":["post-2777","page","type-page","status-publish","hentry"],"_links":{"self":[{"href":"https:\/\/jf-carvoeira.pt\/web\/wp-json\/wp\/v2\/pages\/2777","targetHints":{"allow":["GET"]}}],"collection":[{"href":"https:\/\/jf-carvoeira.pt\/web\/wp-json\/wp\/v2\/pages"}],"about":[{"href":"https:\/\/jf-carvoeira.pt\/web\/wp-json\/wp\/v2\/types\/page"}],"author":[{"embeddable":true,"href":"https:\/\/jf-carvoeira.pt\/web\/wp-json\/wp\/v2\/users\/1"}],"replies":[{"embeddable":true,"href":"https:\/\/jf-carvoeira.pt\/web\/wp-json\/wp\/v2\/comments?post=2777"}],"version-history":[{"count":28,"href":"https:\/\/jf-carvoeira.pt\/web\/wp-json\/wp\/v2\/pages\/2777\/revisions"}],"predecessor-version":[{"id":2820,"href":"https:\/\/jf-carvoeira.pt\/web\/wp-json\/wp\/v2\/pages\/2777\/revisions\/2820"}],"wp:attachment":[{"href":"https:\/\/jf-carvoeira.pt\/web\/wp-json\/wp\/v2\/media?parent=2777"}],"curies":[{"name":"wp","href":"https:\/\/api.w.org\/{rel}","templated":true}]}}