{"id":2907,"date":"2025-11-26T12:45:10","date_gmt":"2025-11-26T12:45:10","guid":{"rendered":"https:\/\/jf-carvoeira.pt\/web\/?page_id=2907"},"modified":"2025-11-26T15:53:29","modified_gmt":"2025-11-26T15:53:29","slug":"mercado-natal","status":"publish","type":"page","link":"https:\/\/jf-carvoeira.pt\/web\/mercado-natal\/","title":{"rendered":"Mercado de Natal"},"content":{"rendered":"\t\t<div data-elementor-type=\"wp-page\" data-elementor-id=\"2907\" class=\"elementor elementor-2907\">\n\t\t\t\t<div class=\"elementor-element elementor-element-e755754 e-flex e-con-boxed e-con e-parent\" data-id=\"e755754\" data-element_type=\"container\" data-e-type=\"container\">\n\t\t\t\t\t<div class=\"e-con-inner\">\n\t\t\t\t<div class=\"elementor-element elementor-element-3a3661a elementor-widget elementor-widget-image\" data-id=\"3a3661a\" data-element_type=\"widget\" data-e-type=\"widget\" data-widget_type=\"image.default\">\n\t\t\t\t\t\t\t\t\t\t\t\t\t\t\t<img fetchpriority=\"high\" decoding=\"async\" width=\"2000\" height=\"700\" src=\"https:\/\/jf-carvoeira.pt\/web\/wp-content\/uploads\/2025\/11\/Copia-de-ASSINATURAS-DE-EMAIL-2.jpg\" class=\"attachment-full size-full wp-image-2919\" alt=\"Mercado de Natal da Carvoeira\" srcset=\"https:\/\/jf-carvoeira.pt\/web\/wp-content\/uploads\/2025\/11\/Copia-de-ASSINATURAS-DE-EMAIL-2.jpg 2000w, https:\/\/jf-carvoeira.pt\/web\/wp-content\/uploads\/2025\/11\/Copia-de-ASSINATURAS-DE-EMAIL-2-300x105.jpg 300w, https:\/\/jf-carvoeira.pt\/web\/wp-content\/uploads\/2025\/11\/Copia-de-ASSINATURAS-DE-EMAIL-2-1024x358.jpg 1024w, https:\/\/jf-carvoeira.pt\/web\/wp-content\/uploads\/2025\/11\/Copia-de-ASSINATURAS-DE-EMAIL-2-768x269.jpg 768w, https:\/\/jf-carvoeira.pt\/web\/wp-content\/uploads\/2025\/11\/Copia-de-ASSINATURAS-DE-EMAIL-2-1536x538.jpg 1536w\" sizes=\"(max-width: 2000px) 100vw, 2000px\" \/>\t\t\t\t\t\t\t\t\t\t\t\t\t\t\t<\/div>\n\t\t\t\t\t<\/div>\n\t\t\t\t<\/div>\n\t\t<div class=\"elementor-element elementor-element-bd99c8b e-flex e-con-boxed e-con e-parent\" data-id=\"bd99c8b\" data-element_type=\"container\" data-e-type=\"container\">\n\t\t\t\t\t<div class=\"e-con-inner\">\n\t\t<div class=\"elementor-element elementor-element-34543d7 e-con-full e-flex e-con e-child\" data-id=\"34543d7\" data-element_type=\"container\" data-e-type=\"container\" data-settings=\"{&quot;background_background&quot;:&quot;classic&quot;}\">\n\t\t\t\t<div class=\"elementor-element elementor-element-990fb50 elementor-widget elementor-widget-text-editor\" data-id=\"990fb50\" data-element_type=\"widget\" data-e-type=\"widget\" data-widget_type=\"text-editor.default\">\n\t\t\t\t\t\t\t\t\t<p><span style=\"color: #000000;\">A MAGIA DO NATAL EST\u00c1 A CHEGAR \u00c0 CARVOEIRA<\/span><\/p><p><span style=\"color: #000000;\">A Junta de Freguesia da Carvoeira tem o prazer de anunciar o <strong>1.\u00ba Mercado de Natal da Carvoeira<\/strong>, um espa\u00e7o \u00fanico de encontro, tradi\u00e7\u00e3o e alegria para toda a comunidade.<\/span><\/p><p><span style=\"color: #000000;\">Durante v\u00e1rios dias, teremos um programa especial que promete encantar mi\u00fados e gra\u00fados.<\/span><\/p><p><span style=\"color: #000000;\"><!--StartFragment --><\/span><\/p><p><span style=\"color: #000000;\">Este ser\u00e1 um momento para <strong>celebrar em fam\u00edlia, apoiar o com\u00e9rcio local e viver o esp\u00edrito natal\u00edcio<\/strong> no cora\u00e7\u00e3o da Carvoeira.<\/span><\/p><p><!--EndFragment --><\/p><p><!--EndFragment --><\/p>\t\t\t\t\t\t\t\t<\/div>\n\t\t\t\t<div class=\"elementor-element elementor-element-193171a elementor-widget elementor-widget-text-editor\" data-id=\"193171a\" data-element_type=\"widget\" data-e-type=\"widget\" data-widget_type=\"text-editor.default\">\n\t\t\t\t\t\t\t\t\t<p><span style=\"color: #999999;\">CHRISTMAS MAGIC IT\u00b4S COMMING TO CARVOEIRA<\/span><\/p><p><span style=\"color: #999999;\"><!--StartFragment --><\/span><\/p><p><span style=\"color: #999999;\">The Parish Council of Carvoeira is pleased to announce the <strong>1st Carvoeira Christmas Market<\/strong>, a unique space of gathering, tradition, and joy for the whole community.<\/span><\/p><p><span style=\"color: #999999;\">Over several days, we will have a special program that promises to delight both children and adults.<\/span><\/p><p><span style=\"color: #999999;\">This will be a moment to celebrate with family, support local businesses, and experience the Christmas spirit in the heart of Carvoeira.<\/span><\/p><p><!--EndFragment --><\/p><p><!--EndFragment --><\/p><p><!--EndFragment --><\/p>\t\t\t\t\t\t\t\t<\/div>\n\t\t\t\t<div class=\"elementor-element elementor-element-8251c56 elementor-widget elementor-widget-text-editor\" data-id=\"8251c56\" data-element_type=\"widget\" data-e-type=\"widget\" data-widget_type=\"text-editor.default\">\n\t\t\t\t\t\t\t\t\t<p><span style=\"color: #000000;\">COMO CHEGAR AO MERCADO DE NATAL?<\/span><\/p><p><span style=\"color: #999999;\"><!--StartFragment --><\/span><\/p><p><span style=\"color: #999999;\">How to find the Christmas Market?<\/span><\/p><p><!--EndFragment --><\/p><p><!--EndFragment --><\/p><p><!--EndFragment --><\/p>\t\t\t\t\t\t\t\t<\/div>\n\t\t\t\t<div class=\"elementor-element elementor-element-9b437cb elementor-widget elementor-widget-google_maps\" data-id=\"9b437cb\" data-element_type=\"widget\" data-e-type=\"widget\" data-widget_type=\"google_maps.default\">\n\t\t\t\t\t\t\t<div class=\"elementor-custom-embed\">\n\t\t\t<iframe loading=\"lazy\"\n\t\t\t\t\tsrc=\"https:\/\/maps.google.com\/maps?q=Igreja%20de%20Nossa%20Senhora%20do%20%C3%93%2C%20Carvoeira&#038;t=m&#038;z=18&#038;output=embed&#038;iwloc=near\"\n\t\t\t\t\ttitle=\"Igreja de Nossa Senhora do \u00d3, Carvoeira\"\n\t\t\t\t\taria-label=\"Igreja de Nossa Senhora do \u00d3, Carvoeira\"\n\t\t\t><\/iframe>\n\t\t<\/div>\n\t\t\t\t\t\t<\/div>\n\t\t\t\t<\/div>\n\t\t<div class=\"elementor-element elementor-element-faf22ae e-con-full e-flex e-con e-child\" data-id=\"faf22ae\" data-element_type=\"container\" data-e-type=\"container\">\n\t\t\t\t<div class=\"elementor-element elementor-element-43a14c7 elementor-widget elementor-widget-heading\" data-id=\"43a14c7\" data-element_type=\"widget\" data-e-type=\"widget\" data-widget_type=\"heading.default\">\n\t\t\t\t\t<h2 class=\"elementor-heading-title elementor-size-default\">MERCADO DE NATAL<\/h2>\t\t\t\t<\/div>\n\t\t\t\t<div class=\"elementor-element elementor-element-119d62c elementor-widget elementor-widget-heading\" data-id=\"119d62c\" data-element_type=\"widget\" data-e-type=\"widget\" data-widget_type=\"heading.default\">\n\t\t\t\t\t<h2 class=\"elementor-heading-title elementor-size-default\">Christmas Market<\/h2>\t\t\t\t<\/div>\n\t\t\t\t<div class=\"elementor-element elementor-element-8860319 elementor-widget elementor-widget-text-editor\" data-id=\"8860319\" data-element_type=\"widget\" data-e-type=\"widget\" data-widget_type=\"text-editor.default\">\n\t\t\t\t\t\t\t\t\t<div><span style=\"color: #000000;\">Durante todos os dias haver\u00e1 comida caseira, pizzas deliciosas, cachorros bem quentes, bebidas quentes e refrescantes e doces gulosos.<\/span><\/div>\t\t\t\t\t\t\t\t<\/div>\n\t\t\t\t<div class=\"elementor-element elementor-element-ec21b99 elementor-widget elementor-widget-text-editor\" data-id=\"ec21b99\" data-element_type=\"widget\" data-e-type=\"widget\" data-widget_type=\"text-editor.default\">\n\t\t\t\t\t\t\t\t\t<p><span style=\"color: #999999;\">Homemade Food Every Day \u2013 Delicious Pizzas, Hot Dogs, Refreshing and Cold Drinks, and Sweet Treats!<\/span><\/p>\t\t\t\t\t\t\t\t<\/div>\n\t\t\t\t<div class=\"elementor-element elementor-element-4df0a44 elementor-widget-divider--view-line elementor-widget elementor-widget-divider\" data-id=\"4df0a44\" data-element_type=\"widget\" data-e-type=\"widget\" data-widget_type=\"divider.default\">\n\t\t\t\t\t\t\t<div class=\"elementor-divider\">\n\t\t\t<span class=\"elementor-divider-separator\">\n\t\t\t\t\t\t<\/span>\n\t\t<\/div>\n\t\t\t\t\t\t<\/div>\n\t\t\t\t<div class=\"elementor-element elementor-element-4a811ac elementor-widget elementor-widget-text-editor\" data-id=\"4a811ac\" data-element_type=\"widget\" data-e-type=\"widget\" data-widget_type=\"text-editor.default\">\n\t\t\t\t\t\t\t\t\t<div><strong><span style=\"color: #333333;\">PROGRAMA PARA S\u00c1BADO &#8211; 6 DE DEZEMBRO<\/span><\/strong><\/div><div><span style=\"color: #999999;\">Saturday Schedule &#8211; Dec 6th<\/span><\/div>\t\t\t\t\t\t\t\t<\/div>\n\t\t\t\t<div class=\"elementor-element elementor-element-a18fe7f elementor-widget elementor-widget-text-editor\" data-id=\"a18fe7f\" data-element_type=\"widget\" data-e-type=\"widget\" data-widget_type=\"text-editor.default\">\n\t\t\t\t\t\t\t\t\t<div><span style=\"color: #333333;\"><strong>10h00<\/strong> &#8211; Abertura do Mercado de Natal<\/span><\/div><div style=\"padding-left: 80px;\"><span style=\"color: #999999;\">Christmas Market Opening<\/span><\/div>\t\t\t\t\t\t\t\t<\/div>\n\t\t\t\t<div class=\"elementor-element elementor-element-c81c058 elementor-widget elementor-widget-text-editor\" data-id=\"c81c058\" data-element_type=\"widget\" data-e-type=\"widget\" data-widget_type=\"text-editor.default\">\n\t\t\t\t\t\t\t\t\t<div><span style=\"color: #333333;\"><strong>10h30<\/strong> &#8211; Workshop de Cer\u00e2mica<\/span><\/div><div style=\"padding-left: 80px;\"><span style=\"color: #999999;\">Pottery Workshop<\/span><\/div>\t\t\t\t\t\t\t\t<\/div>\n\t\t\t\t<div class=\"elementor-element elementor-element-e608ecb elementor-widget elementor-widget-text-editor\" data-id=\"e608ecb\" data-element_type=\"widget\" data-e-type=\"widget\" data-widget_type=\"text-editor.default\">\n\t\t\t\t\t\t\t\t\t<div><span style=\"color: #333333;\"><strong>13h00<\/strong> &#8211; Concerto Musical Surpresa<\/span><\/div><div style=\"padding-left: 80px;\"><span style=\"color: #999999;\">Surprise Music Moment<\/span><\/div>\t\t\t\t\t\t\t\t<\/div>\n\t\t\t\t<div class=\"elementor-element elementor-element-86fa181 elementor-widget elementor-widget-text-editor\" data-id=\"86fa181\" data-element_type=\"widget\" data-e-type=\"widget\" data-widget_type=\"text-editor.default\">\n\t\t\t\t\t\t\t\t\t<div><span style=\"color: #333333;\"><strong>15h00<\/strong> &#8211; Fotografias com o Pai Natal<\/span><\/div><div style=\"padding-left: 80px;\"><span style=\"color: #999999;\">Snapshots with Santa Claus<\/span><\/div>\t\t\t\t\t\t\t\t<\/div>\n\t\t\t\t<div class=\"elementor-element elementor-element-3dd51ea elementor-widget elementor-widget-text-editor\" data-id=\"3dd51ea\" data-element_type=\"widget\" data-e-type=\"widget\" data-widget_type=\"text-editor.default\">\n\t\t\t\t\t\t\t\t\t<div><span style=\"color: #333333;\"><strong>15h00<\/strong> &#8211; Actividade da Associa\u00e7\u00e3o PATAS Ericeira<\/span><\/div><div style=\"padding-left: 80px;\"><span style=\"color: #999999;\">PATAS Ericeira Association Activity<\/span><\/div>\t\t\t\t\t\t\t\t<\/div>\n\t\t\t\t<div class=\"elementor-element elementor-element-3f94436 elementor-widget-divider--view-line elementor-widget elementor-widget-divider\" data-id=\"3f94436\" data-element_type=\"widget\" data-e-type=\"widget\" data-widget_type=\"divider.default\">\n\t\t\t\t\t\t\t<div class=\"elementor-divider\">\n\t\t\t<span class=\"elementor-divider-separator\">\n\t\t\t\t\t\t<\/span>\n\t\t<\/div>\n\t\t\t\t\t\t<\/div>\n\t\t\t\t<div class=\"elementor-element elementor-element-1a8acdb elementor-widget elementor-widget-text-editor\" data-id=\"1a8acdb\" data-element_type=\"widget\" data-e-type=\"widget\" data-widget_type=\"text-editor.default\">\n\t\t\t\t\t\t\t\t\t<div><strong><span style=\"color: #333333;\">PROGRAMA PARA DOMINGO &#8211; 7 DE DEZEMBRO<\/span><\/strong><\/div><div><span style=\"color: #999999;\">Sunday Schedule &#8211; Dec 7th<\/span><\/div>\t\t\t\t\t\t\t\t<\/div>\n\t\t\t\t<div class=\"elementor-element elementor-element-70821ec elementor-widget elementor-widget-text-editor\" data-id=\"70821ec\" data-element_type=\"widget\" data-e-type=\"widget\" data-widget_type=\"text-editor.default\">\n\t\t\t\t\t\t\t\t\t<div><span style=\"color: #333333;\"><strong>10h00<\/strong> &#8211; Abertura do Mercado de Natal<\/span><\/div><div style=\"padding-left: 80px;\"><span style=\"color: #999999;\">Christmas Market Opening<\/span><\/div>\t\t\t\t\t\t\t\t<\/div>\n\t\t\t\t<div class=\"elementor-element elementor-element-8b2ca14 elementor-widget elementor-widget-text-editor\" data-id=\"8b2ca14\" data-element_type=\"widget\" data-e-type=\"widget\" data-widget_type=\"text-editor.default\">\n\t\t\t\t\t\t\t\t\t<div><span style=\"color: #333333;\"><strong>11h30<\/strong> &#8211; Workshop de Cer\u00e2mica<\/span><\/div><div style=\"padding-left: 80px;\"><span style=\"color: #999999;\">Pottery Workshop<\/span><\/div>\t\t\t\t\t\t\t\t<\/div>\n\t\t\t\t<div class=\"elementor-element elementor-element-47de8ec elementor-widget elementor-widget-text-editor\" data-id=\"47de8ec\" data-element_type=\"widget\" data-e-type=\"widget\" data-widget_type=\"text-editor.default\">\n\t\t\t\t\t\t\t\t\t<div><span style=\"color: #333333;\"><strong>13h00<\/strong> &#8211; Concerto Musical Surpresa<\/span><\/div><div style=\"padding-left: 80px;\"><span style=\"color: #999999;\">Surprise Music Moment<\/span><\/div>\t\t\t\t\t\t\t\t<\/div>\n\t\t\t\t<div class=\"elementor-element elementor-element-aa71336 elementor-widget elementor-widget-text-editor\" data-id=\"aa71336\" data-element_type=\"widget\" data-e-type=\"widget\" data-widget_type=\"text-editor.default\">\n\t\t\t\t\t\t\t\t\t<div><span style=\"color: #333333;\"><strong>13h30<\/strong> &#8211; Workshop de DIDGIRIDO<\/span><\/div><div style=\"padding-left: 80px;\"><span style=\"color: #999999;\">DIDGIRIDO Workshop<\/span><\/div>\t\t\t\t\t\t\t\t<\/div>\n\t\t\t\t<div class=\"elementor-element elementor-element-613d457 elementor-widget elementor-widget-text-editor\" data-id=\"613d457\" data-element_type=\"widget\" data-e-type=\"widget\" data-widget_type=\"text-editor.default\">\n\t\t\t\t\t\t\t\t\t<div><span style=\"color: #333333;\"><strong>14h30<\/strong> &#8211; Concerto Musical Surpresa<\/span><\/div><div style=\"padding-left: 80px;\"><span style=\"color: #999999;\">Surprise Music Moment<\/span><\/div>\t\t\t\t\t\t\t\t<\/div>\n\t\t\t\t<div class=\"elementor-element elementor-element-d248c11 elementor-widget elementor-widget-text-editor\" data-id=\"d248c11\" data-element_type=\"widget\" data-e-type=\"widget\" data-widget_type=\"text-editor.default\">\n\t\t\t\t\t\t\t\t\t<div><span style=\"color: #333333;\"><strong>16h00<\/strong> &#8211; Actividade da Associa\u00e7\u00e3o PATAS Ericeira<\/span><\/div><div style=\"padding-left: 80px;\"><span style=\"color: #999999;\">PATAS Ericeira Association Activity<\/span><\/div>\t\t\t\t\t\t\t\t<\/div>\n\t\t\t\t<div class=\"elementor-element elementor-element-e18f7e3 elementor-widget elementor-widget-text-editor\" data-id=\"e18f7e3\" data-element_type=\"widget\" data-e-type=\"widget\" data-widget_type=\"text-editor.default\">\n\t\t\t\t\t\t\t\t\t<div><span style=\"color: #333333;\"><strong>17h00<\/strong> &#8211; Chegada do Desfile de Natal em Tractores<\/span><\/div><div style=\"padding-left: 80px;\"><span style=\"color: #999999;\">Arrival of the Tractor Christmas Parade\u00a0<\/span><\/div>\t\t\t\t\t\t\t\t<\/div>\n\t\t\t\t<\/div>\n\t\t\t\t\t<\/div>\n\t\t\t\t<\/div>\n\t\t<div class=\"elementor-element elementor-element-94426f6 e-flex e-con-boxed e-con e-parent\" data-id=\"94426f6\" data-element_type=\"container\" data-e-type=\"container\">\n\t\t\t\t\t<div class=\"e-con-inner\">\n\t\t\t\t<div class=\"elementor-element elementor-element-74b3fef elementor-widget elementor-widget-spacer\" data-id=\"74b3fef\" data-element_type=\"widget\" data-e-type=\"widget\" data-widget_type=\"spacer.default\">\n\t\t\t\t\t\t\t<div class=\"elementor-spacer\">\n\t\t\t<div class=\"elementor-spacer-inner\"><\/div>\n\t\t<\/div>\n\t\t\t\t\t\t<\/div>\n\t\t\t\t\t<\/div>\n\t\t\t\t<\/div>\n\t\t<div class=\"elementor-element elementor-element-7e31787 e-flex e-con-boxed e-con e-parent\" data-id=\"7e31787\" data-element_type=\"container\" data-e-type=\"container\">\n\t\t\t\t\t<div class=\"e-con-inner\">\n\t\t<div class=\"elementor-element elementor-element-c31eca5 e-con-full e-flex e-con e-child\" data-id=\"c31eca5\" data-element_type=\"container\" data-e-type=\"container\">\n\t\t\t\t<\/div>\n\t\t<div class=\"elementor-element elementor-element-7bf9931 e-con-full e-flex e-con e-child\" data-id=\"7bf9931\" data-element_type=\"container\" data-e-type=\"container\">\n\t\t\t\t<\/div>\n\t\t<div class=\"elementor-element elementor-element-e70f5b5 e-con-full e-flex e-con e-child\" data-id=\"e70f5b5\" data-element_type=\"container\" data-e-type=\"container\">\n\t\t\t\t<\/div>\n\t\t<div class=\"elementor-element elementor-element-9a830a4 e-con-full e-flex e-con e-child\" data-id=\"9a830a4\" data-element_type=\"container\" data-e-type=\"container\">\n\t\t\t\t<\/div>\n\t\t<div class=\"elementor-element elementor-element-5caef40 e-con-full e-flex e-con e-child\" data-id=\"5caef40\" data-element_type=\"container\" data-e-type=\"container\">\n\t\t\t\t<\/div>\n\t\t<div class=\"elementor-element elementor-element-a141acc e-con-full e-flex e-con e-child\" data-id=\"a141acc\" data-element_type=\"container\" data-e-type=\"container\">\n\t\t\t\t<\/div>\n\t\t\t\t\t<\/div>\n\t\t\t\t<\/div>\n\t\t\t\t<\/div>\n\t\t","protected":false},"excerpt":{"rendered":"<p>A MAGIA DO NATAL EST\u00c1 A CHEGAR \u00c0 CARVOEIRA A Junta de Freguesia da Carvoeira tem o prazer de anunciar o 1.\u00ba Mercado de Natal da Carvoeira, um espa\u00e7o \u00fanico de encontro, tradi\u00e7\u00e3o e alegria para toda a comunidade. Durante v\u00e1rios dias, teremos um programa especial que promete encantar mi\u00fados e gra\u00fados. Este ser\u00e1 um [&hellip;]<\/p>\n","protected":false},"author":1,"featured_media":2919,"parent":0,"menu_order":0,"comment_status":"closed","ping_status":"closed","template":"elementor_canvas","meta":{"footnotes":""},"class_list":["post-2907","page","type-page","status-publish","has-post-thumbnail","hentry"],"_links":{"self":[{"href":"https:\/\/jf-carvoeira.pt\/web\/wp-json\/wp\/v2\/pages\/2907","targetHints":{"allow":["GET"]}}],"collection":[{"href":"https:\/\/jf-carvoeira.pt\/web\/wp-json\/wp\/v2\/pages"}],"about":[{"href":"https:\/\/jf-carvoeira.pt\/web\/wp-json\/wp\/v2\/types\/page"}],"author":[{"embeddable":true,"href":"https:\/\/jf-carvoeira.pt\/web\/wp-json\/wp\/v2\/users\/1"}],"replies":[{"embeddable":true,"href":"https:\/\/jf-carvoeira.pt\/web\/wp-json\/wp\/v2\/comments?post=2907"}],"version-history":[{"count":85,"href":"https:\/\/jf-carvoeira.pt\/web\/wp-json\/wp\/v2\/pages\/2907\/revisions"}],"predecessor-version":[{"id":2996,"href":"https:\/\/jf-carvoeira.pt\/web\/wp-json\/wp\/v2\/pages\/2907\/revisions\/2996"}],"wp:featuredmedia":[{"embeddable":true,"href":"https:\/\/jf-carvoeira.pt\/web\/wp-json\/wp\/v2\/media\/2919"}],"wp:attachment":[{"href":"https:\/\/jf-carvoeira.pt\/web\/wp-json\/wp\/v2\/media?parent=2907"}],"curies":[{"name":"wp","href":"https:\/\/api.w.org\/{rel}","templated":true}]}}